{"id":1457,"date":"2015-03-24T13:28:59","date_gmt":"2015-03-24T12:28:59","guid":{"rendered":"http:\/\/www.xprag.de\/?page_id=1457"},"modified":"2018-09-05T16:46:59","modified_gmt":"2018-09-05T14:46:59","slug":"annual-meeting-2015-in-gottingen","status":"publish","type":"page","link":"https:\/\/www.xprag.de\/?page_id=1457","title":{"rendered":"Annual Meeting 2015 in G\u00f6ttingen"},"content":{"rendered":"<p>The Annual Meeting 2015 is organized by the &#8220;German Department&#8221;, the &#8220;Georg-Elias-M\u00fcller-Institute of Psychology&#8221; and the &#8220;Courant Research Center &#8216;Text Structures'&#8221;: Anke Holler (ProProCon), Nivedita Mani (SignRef), Edgar Onea (ExCl, SignRef), Markus Steinbach (SignRef), Thomas Weskott (ProProCon)<\/p>\n<p><strong>Time:<\/strong><br \/>\nJune, 26th &#8211; 27th 2015<\/p>\n<p><strong>Venue:<\/strong><br \/>\nUni-Bibliothek G\u00f6ttingen, Historisches Geb\u00e4ude, 1. OG, Alfred-Hessel-Saal, Papendiek 14, 37073 G\u00f6ttingen<br \/>\n(<a href=\"https:\/\/www.xprag.de\/wp-content\/uploads\/2015\/03\/KarteBibliothek.jpg\" target=\"_blank\">&rarr;Directions<\/a>)<\/p>\n<p><strong>Registration fee: 25\u20ac<\/strong> <\/p>\n<p><strong>Contact: <\/strong><br \/>\nTanja Recke: trecke<span style=\"display:none;\">-Irgend ein Text-<\/span>@<span style=\"display:inline;\">gwdg.de<\/span>; +49 551 39 9844<\/p>\n<h3>Thursday, 25.06.2015<\/h3>\n<p>Meeting of Semantiknetzwerk &#8220;Questions in Discourse&#8221;<br \/>\n(<a href=\"http:\/\/www.uni-goettingen.de\/de\/veranstaltungen\/356149.html\" target=\"_blank\">Program<\/a> and <a href=\"https:\/\/www.xprag.de\/wp-content\/uploads\/2015\/03\/DirectionsQIDG\u00f6ttingen.pdf\" target=\"_blank\">Directions<\/a>)<\/p>\n<p>19:00 Warming-up at <a href=\"http:\/\/www.kartoffelhaus-goettingen.de\/\" title=\"Kartoffel-Haus\" target=\"_blank\">Kartoffel-Haus<\/a><\/p>\n<h2>\nProgram<br \/>\n<\/h2>\n<h3>Friday, June 26th 2015<\/h3>\n<table width=\"912\">\n<tbody>\n<tr>\n<th style=\"width: 18ex;\">Time<\/th>\n<th>Event<\/th>\n<\/tr>\n<tr>\n<td>9:00 &#8211; 9:45<\/td>\n<td><strong>Registration<\/strong><\/td>\n<\/tr>\n<tr>\n<td>9:45 &#8211; 10:00 <\/td>\n<td><strong> Welcome<\/strong><\/td>\n<\/tr>\n<tr>\n<td>10:00 &#8211; 11:00<\/td>\n<td>Making empirical generalizations from experimental pragmatic findings:  What can be resolved<br \/>\n<em>Invited talk by <strong>Ira Noveck<\/strong> (CNRS Lyon)<\/em><\/td>\n<\/tr>\n<tr>\n<td>11:00 &#8211; 11:30<\/td>\n<td> COFFEE BREAK<\/td>\n<\/tr>\n<tr>\n<td>11:30 &#8211; 12:15 <\/td>\n<td> <a href=\"https:\/\/www.xprag.de\/wp-content\/uploads\/2015\/06\/Jahrestreffen_CoGCI.pdf\" target=\"_blank\">When perspective taking takes place \u2013 evidence from the referential communication game <\/a><br \/>\n(Project CoGCI)<\/td>\n<\/tr>\n<tr>\n<td>12:15 &#8211; 13:00 <\/td>\n<td><a href=\"https:\/\/www.xprag.de\/wp-content\/uploads\/2015\/06\/Jahrestreffen_BiasQ.pdf\" target=\"_blank\">Bias in Polar Questions An Empirical Characterization of PQS in German and English<\/a><br \/>\n(Project BiasQ)<\/td>\n<\/tr>\n<tr>\n<td>13:00 &#8211; 14:30 <\/td>\n<td>LUNCH BREAK (Meeting Steering Board)<\/td>\n<\/tr>\n<tr>\n<tr>\n<td>14:30 &#8211; 15:30 <\/td>\n<td>Children\u2019s comprehension of negation:  When can you say \u201cno\u201d to a  toddler?<br \/>\n<em>Invited talk by <strong>Jesse Snedeker<\/strong> (Harvard University) <\/em><\/td>\n<\/tr>\n<tr>\n<td>15:30 &#8211; 16:15<\/td>\n<td><a href=\"https:\/\/www.xprag.de\/wp-content\/uploads\/2015\/06\/Jahrestreffen_YesNo.pdf\" target=\"_blank\">Puzzling response particles: an experimental study on German <em>ja<\/em> and <em>nein<\/em><\/a><br \/>\n(Project YesNo)<\/td>\n<\/tr>\n<tr>\n<td>16:15 &#8211; 18:00 <\/td>\n<td><strong>Poster session<\/strong><\/td>\n<tr>\n<td><\/td>\n<td>\n<ul>\n<li><a href=\"https:\/\/www.xprag.de\/wp-content\/uploads\/2015\/06\/Jahrestreffen_AATIC.pdf\" target=\"_blank\">Contextually driven agent demotion in impersonal passives and agentivity in German<\/a> (AATIC)<\/li>\n<li><a href=\"https:\/\/www.xprag.de\/wp-content\/uploads\/2015\/06\/Jahrestreffen_CiC.pdf\" target=\"_blank\">Putting aspectual coercion in context &#8211; evidence from eyetracking during reading <\/a>(CiC)<\/li>\n<li><a href=\"https:\/\/www.xprag.de\/wp-content\/uploads\/2015\/06\/Jahrestreffen_ExCl.pdf\" target=\"_blank\">Two Emprirical Studies On Exhaustivity Inferences &#038; <em>It<\/em>-Clefts<\/a> (ExCl)<\/li>\n<li><a href=\"https:\/\/www.xprag.de\/wp-content\/uploads\/2015\/06\/Jahrestreffen_FoTeRo.pdf\" target=\"_blank\">The influence of prosody on thematic role assignment during real time spoken language comprehension in five-year old German children<\/a> (FoTeRo)<\/li>\n<li><a href=\"https:\/\/www.xprag.de\/wp-content\/uploads\/2015\/06\/Jahrestreffen_InfoPer.pdf\" target=\"_blank\">On real and fake things <\/a>(InfoPer)<\/li>\n<li><a href=\"https:\/\/www.xprag.de\/wp-content\/uploads\/2015\/03\/Jahrestreffen_L2PronRes.pdf\" target=\"_blank\">The application of binding condition C in strong crossover configurations in German<\/a> (L2PronRes)<\/li>\n<li><a href=\"https:\/\/www.xprag.de\/wp-content\/uploads\/2015\/06\/Jahrestreffen_MoLCINS.pdf\" target=\"_blank\">One- versus two-step models of language comprehension: Investigations employing  negative sentences<\/a>(MoLCINS)<\/li>\n<li><a href=\"https:\/\/www.xprag.de\/wp-content\/uploads\/2015\/06\/Jahrestreffen_ObTrEx.pdf\" target=\"_blank\">Obligatory triggers under negation<\/a> (ObTrEx)<\/li>\n<li><a href=\"https:\/\/www.xprag.de\/wp-content\/uploads\/2015\/06\/Jahrestreffen_ProComPrag_Poster.pdf\">Talking about probability: approximately optimal thresholds for <em>probable<\/em><\/a>(ProComPrag)<\/li>\n<li><a href=\"https:\/\/www.xprag.de\/wp-content\/uploads\/2015\/06\/Jahrestreffen_ProProCon.pdf\" target=\"_blank\">A methodological comparison of implicit causality biases between sentence completion tasks and mousetracking <\/a>(ProProCon)<\/li>\n<li><a href=\"https:\/\/www.xprag.de\/wp-content\/uploads\/2015\/06\/Jahrestreffen_SignRef.pdf\" target=\"_blank\">Distinguishing Discourse Referents: A Unified DRT-Analysis of R-Loci in Sign Languages and Gender in Spoken Languag<\/a> (SignRef)<\/li>\n<li><a href=\"https:\/\/www.xprag.de\/wp-content\/uploads\/2015\/06\/Jahrestreffen_SSI.pdf\" target=\"_blank\">Priming scalar inferences<\/a> (SSI)<\/li>\n<li><a href=\"https:\/\/www.xprag.de\/wp-content\/uploads\/2015\/06\/Jahrestreffen_Benz_Spychalskaja_shorttermproject.pdf\" target=\"_blank\">Complexity and Embedded Implicature <\/a>(Benz\/Spychalskaja)<\/li>\n<li><a href=\"https:\/\/www.xprag.de\/wp-content\/uploads\/2015\/06\/Jahrestreffen_BottWeslkott_shorttermproject.pdf\" target=\"_blank\">On the interaction of implicit verb causality and topic continuation <\/a>(Bott\/H\u00f6rnig\/Solstad\/Weskott)<\/li>\n<li><a href=\"https:\/\/www.xprag.de\/wp-content\/uploads\/2015\/06\/Jahrestreffen_Franke_Bergen_shorttermproject.pdf\" target=\"_blank\">Joint Inference in Pragmatic Reasoning: Evaluating Probabilistic Models of Embedded Implicatures <\/a>(Franke\/Bergen)<\/li>\n<li><a href=\"https:\/\/www.xprag.de\/wp-content\/uploads\/2015\/06\/Jahrestreffen_Gotzner_shorttermproject.pdf\" target=\"_blank\">Lost ALL of your marbles? The impact of the Question Under Discussion on embedded implicatures<\/a> (Gotzner\/Degen\/Goodman)<\/li>\n<li><a href=\"https:\/\/www.xprag.de\/wp-content\/uploads\/2015\/06\/Jahrestreffen_SchumacherSpaychalskaja_shorttermproject.pdf\" target=\"_blank\">Scalar implicature processing in high-functioning autism <\/a>(Spychalska\/Schumacher\/Vogeley\/Werning)<\/li>\n<li><a href=\"https:\/\/www.xprag.de\/wp-content\/uploads\/2015\/06\/Jahrestreffen_Yatsushiro_shorttermproject.pdf\" target=\"_blank\">Implicatures in production: Informativity vs. effort<\/a> (Yatsushiro\/Katsos)<\/li>\n<\/ul>\n<\/td>\n<\/tr>\n<\/td>\n<\/tr>\n<tr>\n<tr>\n<td>19:00 <\/td>\n<td>Dinner at <a href=\"http:\/\/www.fellini-goettingen.de\/index.php\" target=\"_blank\">Fellini, Groner-Tor-Str. 28<\/a><\/td>\n<\/tr>\n<tr>\n<\/tbody>\n<\/table>\n<h3>Saturday, June 27th 2015<\/h3>\n<table width=\"912\">\n<tbody>\n<tr>\n<th style=\"width: 18ex;\">Time<\/th>\n<th>Event<\/th>\n<\/tr>\n<tr>\n<td>10:00 &#8211; 11:00 <\/td>\n<td>Invited Talk by <strong>Michael C. Frank<\/strong> (Stanford University)<\/td>\n<\/tr>\n<tr>\n<td>11:00 &#8211; 11:45  <\/td>\n<td><a href=\"https:\/\/www.xprag.de\/wp-content\/uploads\/2015\/06\/Jahrestreffen_SIGames.pdf\" target=\"_blank\">The best response paradigm: A new paradigm to test implicatures of complex sentences <\/a><br \/>\n(SIGames)<\/td>\n<\/tr>\n<tr>\n<td>11:45 &#8211; 12:15<\/td>\n<td>COFFEE BREAK<\/td>\n<\/tr>\n<tr>\n<td>12:15 &#8211; 13:00<\/td>\n<td> <a href=\"https:\/\/www.xprag.de\/wp-content\/uploads\/2015\/06\/Jahrestreffen_ProComPrag_talk.pdf\" target=\"_blank\"><em>Few<\/em> and <em>many<\/em>: A data-driven computational model to test a simple semantic idea<\/a><br \/>\n(ProComPrag)<\/td>\n<\/tr>\n<tr>\n<td>13:00 &#8211; 13:45 <\/td>\n<td> <a href=\"https:\/\/www.xprag.de\/wp-content\/uploads\/2015\/06\/Jahrestreffen_SSI_Talk.pdf\" target=\"_blank\">Disjunction in child language: A defense of Pippi Longstocking <\/a><br \/>\n(Project SSI)<\/td>\n<\/tr>\n<tr>\n<td>13:45<\/td>\n<td> Closing <\/td>\n<\/tr>\n<\/tbody>\n<\/table>\n","protected":false},"excerpt":{"rendered":"<p>The Annual Meeting 2015 is organized by the &#8220;German Department&#8221;, the &#8220;Georg-Elias-M\u00fcller-Institute of Psychology&#8221; and the &#8220;Courant Research Center &#8216;Text Structures&#8217;&#8221;: Anke Holler (ProProCon), Nivedita Mani (SignRef), Edgar Onea (ExCl, SignRef), Markus Steinbach (SignRef), Thomas Weskott (ProProCon) Time: June, 26th &#8211; 27th 2015 Venue: Uni-Bibliothek G\u00f6ttingen, Historisches Geb\u00e4ude, 1. OG, Alfred-Hessel-Saal, Papendiek 14, 37073 G\u00f6ttingen &hellip; <a href=\"https:\/\/www.xprag.de\/?page_id=1457\" class=\"more-link\">Continue reading <span class=\"screen-reader-text\">Annual Meeting 2015 in G\u00f6ttingen<\/span> <span class=\"meta-nav\">&rarr;<\/span><\/a><\/p>\n","protected":false},"author":1,"featured_media":0,"parent":0,"menu_order":0,"comment_status":"closed","ping_status":"closed","template":"static_page.php","meta":{"footnotes":""},"_links":{"self":[{"href":"https:\/\/www.xprag.de\/index.php?rest_route=\/wp\/v2\/pages\/1457"}],"collection":[{"href":"https:\/\/www.xprag.de\/index.php?rest_route=\/wp\/v2\/pages"}],"about":[{"href":"https:\/\/www.xprag.de\/index.php?rest_route=\/wp\/v2\/types\/page"}],"author":[{"embeddable":true,"href":"https:\/\/www.xprag.de\/index.php?rest_route=\/wp\/v2\/users\/1"}],"replies":[{"embeddable":true,"href":"https:\/\/www.xprag.de\/index.php?rest_route=%2Fwp%2Fv2%2Fcomments&post=1457"}],"version-history":[{"count":79,"href":"https:\/\/www.xprag.de\/index.php?rest_route=\/wp\/v2\/pages\/1457\/revisions"}],"predecessor-version":[{"id":6620,"href":"https:\/\/www.xprag.de\/index.php?rest_route=\/wp\/v2\/pages\/1457\/revisions\/6620"}],"wp:attachment":[{"href":"https:\/\/www.xprag.de\/index.php?rest_route=%2Fwp%2Fv2%2Fmedia&parent=1457"}],"curies":[{"name":"wp","href":"https:\/\/api.w.org\/{rel}","templated":true}]}}