{"id":222,"date":"2014-07-01T12:25:03","date_gmt":"2014-07-01T10:25:03","guid":{"rendered":"http:\/\/www.s532582141.online.de\/?page_id=222"},"modified":"2022-02-18T14:52:56","modified_gmt":"2022-02-18T13:52:56","slug":"coordination-and-steering-commitee","status":"publish","type":"page","link":"https:\/\/www.xprag.de\/?page_id=222","title":{"rendered":"Coordination"},"content":{"rendered":"<p><strong>Coordinators:<\/strong><br \/>\nProf. Dr. Uli Sauerland<br \/>\nLeibniz-Zentrum Allgemeine Sprachwissenschaft (ZAS)<br \/>\nSch\u00fctzenstr. 18<br \/>\n10117 Berlin<br \/>\nuli(at)alum.mit.edu<\/p>\n<p>Prof. Dr. Petra Schumacher<br \/>\nInstitut f\u00fcr deutsche Sprache und Literatur I<br \/>\nSprachwissenschaft<br \/>\nPhilosophische Fakult\u00e4t<br \/>\nUniversit\u00e4t zu K\u00f6ln<br \/>\nAlbertus-Magnus-Platz<br \/>\n50923 K\u00f6ln<br \/>\npetra.schumacher(at)uni-koeln.de<\/p>\n<p><strong>Project Manager:<\/strong><br \/>\nDr. Fabienne Salfner<br \/>\nLeibniz-Zentrum Allgemeine Sprachwissenschaft (ZAS)<br \/>\nSch\u00fctzenstr. 18<br \/>\n10117 Berlin<br \/>\nxprag.de(at)leibniz-zas.de<\/p>\n<p><strong>Mercator Fellows:<\/strong><br \/>\nProf. Lyn Frazier, UMass Amherst<br \/>\nProf. Napoleon Katsos, Cambridge<\/p>\n<p><strong>Steering Commitee:<\/strong><br \/>\nProf. Dr. Michael Franke, Universit\u00e4t Osnabr\u00fcck, (Projects: <a href=\"https:\/\/www.xprag.de\/?page_id=4759\" rel=\"noopener noreferrer\" target=\"_blank\">Pro^3<\/a> \/ <a href=\"https:\/\/www.xprag.de\/?page_id=4768\" rel=\"noopener noreferrer\" target=\"_blank\">MUQTASP<\/a>)<br \/>\nDr. Mingya Liu, Humboldt-Universit\u00e4t zu Berlin (Project: <a href=\"https:\/\/www.xprag.de\/?page_id=4780\" rel=\"noopener noreferrer\" target=\"_blank\">SPOCC<\/a>)<br \/>\nMarlijn Meijer, Universit\u00e4t zu K\u00f6ln, (Project: <a href=\"https:\/\/www.xprag.de\/?page_id=91\" rel=\"noopener noreferrer\" target=\"_blank\">YesNo<\/a>)<br \/>\nProf. Dr. Malte Zimmermann, Universit\u00e4t Potsdam, (Project: <a href=\"https:\/\/www.xprag.de\/?page_id=4791\" rel=\"noopener noreferrer\" target=\"_blank\">ExQ<\/a>)<\/p>\n","protected":false},"excerpt":{"rendered":"<p>Coordinators: Prof. Dr. Uli Sauerland Leibniz-Zentrum Allgemeine Sprachwissenschaft (ZAS) Sch\u00fctzenstr. 18 10117 Berlin uli(at)alum.mit.edu Prof. Dr. Petra Schumacher Institut f\u00fcr deutsche Sprache und Literatur I Sprachwissenschaft Philosophische Fakult\u00e4t Universit\u00e4t zu K\u00f6ln Albertus-Magnus-Platz 50923 K\u00f6ln petra.schumacher(at)uni-koeln.de Project Manager: Dr. Fabienne Salfner Leibniz-Zentrum Allgemeine Sprachwissenschaft (ZAS) Sch\u00fctzenstr. 18 10117 Berlin xprag.de(at)leibniz-zas.de Mercator Fellows: Prof. Lyn Frazier, UMass &hellip; <a href=\"https:\/\/www.xprag.de\/?page_id=222\" class=\"more-link\">Continue reading <span class=\"screen-reader-text\">Coordination<\/span> <span class=\"meta-nav\">&rarr;<\/span><\/a><\/p>\n","protected":false},"author":1,"featured_media":0,"parent":0,"menu_order":0,"comment_status":"closed","ping_status":"closed","template":"project.php","meta":{"footnotes":""},"_links":{"self":[{"href":"https:\/\/www.xprag.de\/index.php?rest_route=\/wp\/v2\/pages\/222"}],"collection":[{"href":"https:\/\/www.xprag.de\/index.php?rest_route=\/wp\/v2\/pages"}],"about":[{"href":"https:\/\/www.xprag.de\/index.php?rest_route=\/wp\/v2\/types\/page"}],"author":[{"embeddable":true,"href":"https:\/\/www.xprag.de\/index.php?rest_route=\/wp\/v2\/users\/1"}],"replies":[{"embeddable":true,"href":"https:\/\/www.xprag.de\/index.php?rest_route=%2Fwp%2Fv2%2Fcomments&post=222"}],"version-history":[{"count":35,"href":"https:\/\/www.xprag.de\/index.php?rest_route=\/wp\/v2\/pages\/222\/revisions"}],"predecessor-version":[{"id":9552,"href":"https:\/\/www.xprag.de\/index.php?rest_route=\/wp\/v2\/pages\/222\/revisions\/9552"}],"wp:attachment":[{"href":"https:\/\/www.xprag.de\/index.php?rest_route=%2Fwp%2Fv2%2Fmedia&parent=222"}],"curies":[{"name":"wp","href":"https:\/\/api.w.org\/{rel}","templated":true}]}}