{"id":2958,"date":"2015-08-17T18:58:39","date_gmt":"2015-08-17T16:58:39","guid":{"rendered":"http:\/\/www.xprag.de\/?page_id=2958"},"modified":"2020-07-02T16:25:00","modified_gmt":"2020-07-02T14:25:00","slug":"molcins-events","status":"publish","type":"page","link":"https:\/\/www.xprag.de\/?page_id=2958","title":{"rendered":"MoLCINS Events"},"content":{"rendered":"<p><a href=\"https:\/\/www.xprag.de\/?page_id=77\" title=\"MoLCINS\">&larr; back to project page<\/a><\/p>\n<table border=\"0\">\n<thead>\n<tr>\n<th style=\"width:8em;\">Date<\/th>\n<th>Event<\/th>\n<\/tr>\n<\/thead>\n<tbody>\n<tr>\n<td>01.-02.10.20<\/td>\n<td><a href=\"https:\/\/www.xprag.de\/?page_id=8422\" rel=\"noopener noreferrer\" target=\"_blank\">Workshop &#8220;The processing of negation and polarity&#8221;<\/a> at HU Berlin<\/td>\n<\/tr>\n<tr>\n<td> 15.02.20<\/td>\n<td>Kinderuni Tuttlingen: Warum ist Irren menschlich? (Barbara Kaup)<\/td>\n<\/tr>\n<tr>\n<td> 28.04.2017<\/td>\n<td>Vortrag beim T\u00fcbinger Fenster f\u00fcr Forschung (T\u00dcFFF) &#8220;Wie versteht der Mensch die Sprache?&#8221; (Barbara Kaup, Carolin Dudschig)<\/td>\n<\/tr>\n<tr>\n<td> 12.10.16<\/td>\n<td>Kinderuni am Heidgraben: Warum ist Irren menschlich? (Barbara Kaup)<\/td>\n<\/tr>\n<tr>\n<td>20.-22.01.16<\/td>\n<td><a href=\"https:\/\/www.xprag.de\/?page_id=2945\" target=\"_blank\" rel=\"noopener noreferrer\">Workshop on \u201cQuestions, Answers and Negation\u201d<\/a> at ZAS Berlin<\/td>\n<\/tr>\n<tr>\n<td> 08.05.15<\/td>\n<td>Vortrag beim T\u00fcbinger Fenster f\u00fcr Forschung (T\u00dcFFF) &#8220;Wie versteht der Mensch die Sprache?&#8221; (Barbara Kaup)<\/td>\n<\/tr>\n<\/tbody>\n<\/table>\n","protected":false},"excerpt":{"rendered":"<p>&larr; back to project page Date Event 01.-02.10.20 Workshop &#8220;The processing of negation and polarity&#8221; at HU Berlin 15.02.20 Kinderuni Tuttlingen: Warum ist Irren menschlich? (Barbara Kaup) 28.04.2017 Vortrag beim T\u00fcbinger Fenster f\u00fcr Forschung (T\u00dcFFF) &#8220;Wie versteht der Mensch die Sprache?&#8221; (Barbara Kaup, Carolin Dudschig) 12.10.16 Kinderuni am Heidgraben: Warum ist Irren menschlich? (Barbara Kaup) &hellip; <a href=\"https:\/\/www.xprag.de\/?page_id=2958\" class=\"more-link\">Continue reading <span class=\"screen-reader-text\">MoLCINS Events<\/span> <span class=\"meta-nav\">&rarr;<\/span><\/a><\/p>\n","protected":false},"author":1,"featured_media":0,"parent":77,"menu_order":1,"comment_status":"closed","ping_status":"closed","template":"static_page.php","meta":{"footnotes":""},"_links":{"self":[{"href":"https:\/\/www.xprag.de\/index.php?rest_route=\/wp\/v2\/pages\/2958"}],"collection":[{"href":"https:\/\/www.xprag.de\/index.php?rest_route=\/wp\/v2\/pages"}],"about":[{"href":"https:\/\/www.xprag.de\/index.php?rest_route=\/wp\/v2\/types\/page"}],"author":[{"embeddable":true,"href":"https:\/\/www.xprag.de\/index.php?rest_route=\/wp\/v2\/users\/1"}],"replies":[{"embeddable":true,"href":"https:\/\/www.xprag.de\/index.php?rest_route=%2Fwp%2Fv2%2Fcomments&post=2958"}],"version-history":[{"count":13,"href":"https:\/\/www.xprag.de\/index.php?rest_route=\/wp\/v2\/pages\/2958\/revisions"}],"predecessor-version":[{"id":9041,"href":"https:\/\/www.xprag.de\/index.php?rest_route=\/wp\/v2\/pages\/2958\/revisions\/9041"}],"up":[{"embeddable":true,"href":"https:\/\/www.xprag.de\/index.php?rest_route=\/wp\/v2\/pages\/77"}],"wp:attachment":[{"href":"https:\/\/www.xprag.de\/index.php?rest_route=%2Fwp%2Fv2%2Fmedia&parent=2958"}],"curies":[{"name":"wp","href":"https:\/\/api.w.org\/{rel}","templated":true}]}}