{"id":304,"date":"2014-07-02T23:02:52","date_gmt":"2014-07-02T21:02:52","guid":{"rendered":"http:\/\/www.xprag.de\/?page_id=304"},"modified":"2023-06-17T13:10:47","modified_gmt":"2023-06-17T11:10:47","slug":"impressum","status":"publish","type":"page","link":"https:\/\/www.xprag.de\/?page_id=304","title":{"rendered":"Impressum"},"content":{"rendered":"<p><strong>Herausgeber<\/strong><br \/>\nDFG Schwerpunktprogramm 1727 (XPrag.de)<br \/>\nLeibniz-Zentrum Allgemeine Sprachwissenschaft (ZAS)<br \/>\nPariser Str. 1<br \/>\n10719 Berlin<br \/>\nTel.: +49 (030) 20192-401<br \/>\n<a href=\"mailto:webmaster@xprag.de\">webmaster@xprag.de<\/a><\/p>\n<p><strong>Vertreter<\/strong><br \/>\nDas Leibniz-Zentrum Allgemeine Sprachwissenschaft (ZAS) wird gesetzlich vertreten durch die Direktorin Frau Prof. Dr. Dr. h.c. Artemis Alexiadou. <\/p>\n<p><strong>Redaktion<\/strong><br \/>\nInhaltlich verantwortlich: Uli Sauerland<br \/>\nGestaltung und technische Umsetzung: Fabienne Salfner<\/p>\n<p><strong>Haftungsausschluss (Disclaimer)<\/strong><\/p>\n<p><em>Inhalt des Onlineangebotes<\/em><\/p>\n<p>Die Inhalte dieser Website werden mit gr\u00f6\u00dftm\u00f6glicher Sorgfalt recherchiert und implementiert. Fehler im Bearbeitungsvorgang sind dennoch nicht auszuschlie\u00dfen. Hinweise und Korrekturen senden Sie bitte an webmaster@xprag.de.<br \/>\nDer Herausgeber \u00fcbernimmt keinerlei Gew\u00e4hr f\u00fcr die Aktualit\u00e4t, Korrektheit, Vollst\u00e4ndigkeit oder Qualit\u00e4t der bereitgestellten Informationen. Haftungsanspr\u00fcche gegen den Herausgeber, welche sich auf Sch\u00e4den materieller oder ideeller Art beziehen, die durch die Nutzung oder Nichtnutzung der dargebotenen Informationen bzw. durch die Nutzung fehlerhafter und unvollst\u00e4ndiger Informationen verursacht wurden, sind grunds\u00e4tzlich ausgeschlossen, sofern seitens des Herausgebers kein nachweislich vors\u00e4tzliches oder grob fahrl\u00e4ssiges Verschulden vorliegt.<br \/>\nAlle Angebote sind freibleibend und unverbindlich. Der Herausgeber beh\u00e4lt es sich ausdr\u00fccklich vor, Teile der Seiten oder das gesamte Angebot ohne gesonderte Ank\u00fcndigung zu ver\u00e4ndern, zu erg\u00e4nzen, zu l\u00f6schen oder die Ver\u00f6ffentlichung zeitweise oder endg\u00fcltig einzustellen.<\/p>\n<p><em>Verweise und Links<\/em><\/p>\n<p>Bei direkten oder indirekten Verweisen auf fremde Webseiten (&#8220;Hyperlinks&#8221;), die au\u00dferhalb des Verantwortungsbereiches des Herausgebers liegen, w\u00fcrde eine Haftungsverpflichtung ausschlie\u00dflich in dem Fall in Kraft treten, in dem der Herausgeber von den Inhalten Kenntnis hat und es ihm technisch m\u00f6glich und zumutbar w\u00e4re, die Nutzung im Falle rechtswidriger Inhalte zu verhindern.<br \/>\nDer Herausgeber erkl\u00e4rt hiermit ausdr\u00fccklich, dass zum Zeitpunkt der Linksetzung keine illegalen Inhalte auf den zu verlinkenden Seiten erkennbar waren. Auf die aktuelle und zuk\u00fcnftige Gestaltung, die Inhalte oder die Urheberschaft der verlinkten\/verkn\u00fcpften Seiten hat der Herausgeber keinerlei Einfluss. Deshalb distanziert er sich hiermit ausdr\u00fccklich von allen Inhalten aller verlinkten \/verkn\u00fcpften Seiten, die nach der Linksetzung ver\u00e4ndert wurden. Diese Feststellung gilt f\u00fcr alle innerhalb des eigenen Internetangebotes gesetzten Links und Verweise sowie f\u00fcr Fremdeintr\u00e4ge in vom Autor eingerichteten G\u00e4steb\u00fcchern, Diskussionsforen, Linkverzeichnissen, Mailinglisten und in allen anderen Formen von Datenbanken, auf deren Inhalt externe Schreibzugriffe m\u00f6glich sind. F\u00fcr illegale, fehlerhafte oder unvollst\u00e4ndige Inhalte und insbesondere f\u00fcr Sch\u00e4den, die aus der Nutzung oder Nichtnutzung solcherart dargebotener Informationen entstehen, haftet allein der Anbieter der Seite, auf welche verwiesen wurde, nicht derjenige, der \u00fcber Links auf die jeweilige Ver\u00f6ffentlichung lediglich verweist.<\/p>\n<p><em>Urheber- und Kennzeichenrecht<\/em><\/p>\n<p>Der Herausgeber ist bestrebt, in allen Publikationen die Urheberrechte der verwendeten Bilder, Grafiken, Ton- und Videodokumente sowie Texte zu beachten, von ihm selbst erstellte Bilder, Grafiken, Ton- und Videodokumente sowie Texte zu nutzen oder auf lizenzfreie Grafiken, Ton- und Videodokumente sowie Texte zur\u00fcckzugreifen.<br \/>\nAlle innerhalb des Internetangebotes genannten und ggf. durch Dritte gesch\u00fctzten Marken- und Warenzeichen unterliegen uneingeschr\u00e4nkt den Bestimmungen des jeweils g\u00fcltigen Kennzeichenrechts und den Besitzrechten der jeweiligen eingetragenen Eigent\u00fcmer. Allein aufgrund der blo\u00dfen Nennung ist nicht der Schluss zu ziehen, dass Markenzeichen nicht durch Rechte Dritter gesch\u00fctzt sind!<br \/>\nDas Copyright f\u00fcr ver\u00f6ffentlichte, vom Herausgeber selbst erstellte Inhalte und Objekte bleibt allein beim Herausgeber der Seiten. Eine Vervielf\u00e4ltigung, Verarbeitung, Einspeicherung oder Verwendung solcher Grafiken, Ton- und Videodokumente sowie Texte in anderen elektronischen oder gedruckten Publikationen ist ohne ausdr\u00fcckliche Zustimmung des Autors nicht gestattet. Unber\u00fchrt davon bleibt das Kopieren und Herunterladen f\u00fcr den privaten, wissenschaftlichen und nicht kommerziellen Gebrauch. Wir erlauben ausdr\u00fccklich und begr\u00fc\u00dfen das Zitieren unserer Dokumente und Webseiten sowie das Setzen von Links auf unsere Website.<\/p>\n<p><em>Datenschutz<\/em><\/p>\n<p>Sofern innerhalb des Internetangebotes die M\u00f6glichkeit zur Eingabe pers\u00f6nlicher oder gesch\u00e4ftlicher Daten (Emailadressen, Namen, Anschriften) besteht, so erfolgt die Preisgabe dieser Daten seitens des Nutzers auf ausdr\u00fccklich freiwilliger Basis. Die Inanspruchnahme und Bezahlung aller angebotenen Dienste ist &#8211; soweit technisch m\u00f6glich und zumutbar &#8211; auch ohne Angabe solcher Daten bzw. unter Angabe anonymisierter Daten oder eines Pseudonyms gestattet. Unsere ausf\u00fchrliche Datenschutzerkl\u00e4rung finden Sie hier: <a href=\"https:\/\/www.xprag.de\/?page_id=6095\" rel=\"noopener\" target=\"_blank\">Privacy Policy<\/a>. Die Nutzung der im Rahmen des Impressums oder vergleichbarer Angaben ver\u00f6ffentlichten Kontaktdaten wie Postanschriften, Telefon- und Faxnummern sowie Emailadressen durch Dritte zur \u00dcbersendung von nicht ausdr\u00fccklich angeforderten Informationen ist nicht gestattet. Rechtliche Schritte gegen die Versender von so genannten Spam-Mails bei Verst\u00f6\u00dfen gegen dieses Verbot sind ausdr\u00fccklich vorbehalten. <\/p>\n<p><em>Rechtswirksamkeit dieses Haftungsausschlusses<\/em><\/p>\n<p>Dieser Haftungsausschluss ist als Teil des Internetangebotes zu betrachten, von dem aus auf diese Seite verwiesen wurde. Sofern Teile oder einzelne Formulierungen dieses Textes der geltenden Rechtslage nicht, nicht mehr oder nicht vollst\u00e4ndig entsprechen sollten, bleiben die \u00fcbrigen Teile des Dokumentes in ihrem Inhalt und ihrer G\u00fcltigkeit davon unber\u00fchrt.<\/p>\n<p>Der vorliegende Haftungssauschlusstext basiert auf dem kostenlosen Dienst von http:\/\/www.disclaimer.de<\/p>\n","protected":false},"excerpt":{"rendered":"<p>Herausgeber DFG Schwerpunktprogramm 1727 (XPrag.de) Leibniz-Zentrum Allgemeine Sprachwissenschaft (ZAS) Pariser Str. 1 10719 Berlin Tel.: +49 (030) 20192-401 webmaster@xprag.de Vertreter Das Leibniz-Zentrum Allgemeine Sprachwissenschaft (ZAS) wird gesetzlich vertreten durch die Direktorin Frau Prof. Dr. Dr. h.c. Artemis Alexiadou. Redaktion Inhaltlich verantwortlich: Uli Sauerland Gestaltung und technische Umsetzung: Fabienne Salfner Haftungsausschluss (Disclaimer) Inhalt des Onlineangebotes Die &hellip; <a href=\"https:\/\/www.xprag.de\/?page_id=304\" class=\"more-link\">Continue reading <span class=\"screen-reader-text\">Impressum<\/span> <span class=\"meta-nav\">&rarr;<\/span><\/a><\/p>\n","protected":false},"author":1,"featured_media":0,"parent":0,"menu_order":0,"comment_status":"closed","ping_status":"closed","template":"static_page.php","meta":{"footnotes":""},"_links":{"self":[{"href":"https:\/\/www.xprag.de\/index.php?rest_route=\/wp\/v2\/pages\/304"}],"collection":[{"href":"https:\/\/www.xprag.de\/index.php?rest_route=\/wp\/v2\/pages"}],"about":[{"href":"https:\/\/www.xprag.de\/index.php?rest_route=\/wp\/v2\/types\/page"}],"author":[{"embeddable":true,"href":"https:\/\/www.xprag.de\/index.php?rest_route=\/wp\/v2\/users\/1"}],"replies":[{"embeddable":true,"href":"https:\/\/www.xprag.de\/index.php?rest_route=%2Fwp%2Fv2%2Fcomments&post=304"}],"version-history":[{"count":14,"href":"https:\/\/www.xprag.de\/index.php?rest_route=\/wp\/v2\/pages\/304\/revisions"}],"predecessor-version":[{"id":9576,"href":"https:\/\/www.xprag.de\/index.php?rest_route=\/wp\/v2\/pages\/304\/revisions\/9576"}],"wp:attachment":[{"href":"https:\/\/www.xprag.de\/index.php?rest_route=%2Fwp%2Fv2%2Fmedia&parent=304"}],"curies":[{"name":"wp","href":"https:\/\/api.w.org\/{rel}","templated":true}]}}