{"id":3735,"date":"2016-04-05T17:04:39","date_gmt":"2016-04-05T15:04:39","guid":{"rendered":"http:\/\/www.xprag.de\/?page_id=3735"},"modified":"2018-09-05T16:49:00","modified_gmt":"2018-09-05T14:49:00","slug":"annual-meeting-2016-in-tubingen","status":"publish","type":"page","link":"https:\/\/www.xprag.de\/?page_id=3735","title":{"rendered":"Annual Meeting 2016 in T\u00fcbingen"},"content":{"rendered":"<p>The Annual Meeting 2016 is organized by the XPrag.de projects at T\u00fcbingen University: &#8220;MoLCINS&#8221;, &#8220;ProComPrag&#8221;, &#8220;CiC&#8221; and &#8220;ObTrEx&#8221;.<\/p>\n<p><strong>Time and Venue:<\/strong><br \/>\nJune, 20th &#8211; 21th 2016, Eberhard-Karls-Universit\u00e4t T\u00fcbingen, Schloss Hohent\u00fcbingen, F\u00fcrstenzimmer (<a href=\"https:\/\/goo.gl\/maps\/N2ejwpGjzGn\" target=\"_blank\">Burgsteige 11, 72070 T\u00fcbingen<\/a>)<\/p>\n<p><strong>Directions:<\/strong><br \/>\nGo up to the castle Hohent\u00fcbingen; cross the patio until coming to its end. On the left, there&#8217;s a door and a sign saying &#8220;F\u00fcrstenzimmer&#8221;. Enter and follow the staircase and the signs saying &#8220;F\u00fcrstenzimmer&#8221;. You&#8217;ll have to cross a balcony until you come to a big door on the right; enter, and after a few steps you&#8217;ll find a door on the left which leads to the &#8220;F\u00fcrstenzimmer&#8221;.<\/p>\n<p><strong>Contact: <\/strong><br \/>\nirmgard.delavega<span style=\"display:none;\">-Irgend ein Text-<\/span>@<span style=\"display:inline;\">uni-tuebingen.de<\/span>, xprag.de<span style=\"display:none;\">-Irgend ein Text-<\/span>@<span style=\"display:inline;\">gmail.com<\/span><\/p>\n<p><strong>Registration fee:<\/strong> 35\u20ac to be paid at conference site<\/p>\n<p><strong>Sunday, 19.06.2016<\/strong><br \/>\n20:00 Warming-up at <a href=\"http:\/\/www.neckarmueller.de\/cms\/\" target=\"_blank\">Neckarm\u00fcller<\/a><\/p>\n<h3>Monday, June 20th 2016<\/h3>\n<table width=\"912\">\n<tbody>\n<tr>\n<th style=\"width: 18ex;\">Time<\/th>\n<th>Event<\/th>\n<\/tr>\n<tr>\n<td>9:00 &#8211; 9:45<\/td>\n<td>Registration<\/td>\n<\/tr>\n<tr>\n<td>9:45 &#8211; 10:00 <\/td>\n<td>Welcome<\/td>\n<\/tr>\n<tr>\n<td>10:00 &#8211; 11:00 <\/td>\n<td>All hands business meeting, Topic: second funding period<\/td>\n<\/tr>\n<tr>\n<td>11:00 &#8211; 11:30 <\/td>\n<td>COFFEE BREAK<\/td>\n<\/tr>\n<tr>\n<td>11:30 &#8211; 12:00 <\/td>\n<td><a href=\"https:\/\/www.xprag.de\/wp-content\/uploads\/2016\/04\/SignRef_XPRAG2016_abstract.pdf\" target=\"_blank\">Right or left? An ERP study on discourse referents in German Sign Language<\/a><br \/>\nAnne Wienholz, Derya Nuhbalaoglu, Annika Herrmann, Edgar Onea, Markus Steinbach, Nivedita Mani (SignRef)<\/td>\n<\/tr>\n<tr>\n<td>12:00 &#8211; 12:30 <\/td>\n<td><a href=\"https:\/\/www.xprag.de\/wp-content\/uploads\/2016\/04\/XPrag2016_L2PronRes_cataphors.pdf\" target=\"_blank\">Cataphoric pronoun resolution in native and non-native sentence comprehension<\/a><br \/>\nClaudia Felser &#038; Janna Drummer (L2PronRes)<\/td>\n<\/tr>\n<tr>\n<td>12:30 &#8211; 14:00 <\/td>\n<td>LUNCH BREAK, Meeting Steering Board<\/td>\n<\/tr>\n<tr>\n<td>14:00 &#8211; 15:00 <\/td>\n<td>Talk by Jesse Snedeker<\/td>\n<\/tr>\n<tr>\n<td>15:00 &#8211; 15:15 <\/td>\n<td>COFFEE BREAK<\/td>\n<\/tr>\n<tr>\n<td>15:15 &#8211; 17:00 <\/td>\n<td><strong>Poster session <strong>at the Rittersaal!<\/strong><\/strong><\/td>\n<tr>\n<td><\/td>\n<td>\n<ul>\n<li><a href=\"https:\/\/www.xprag.de\/wp-content\/uploads\/2016\/04\/AATIC.pdf\" target=\"_blank\">Agentivity Inferences and Verbal Aspect in German<\/a> (AATIC)<\/li>\n<li><a href=\"https:\/\/www.xprag.de\/wp-content\/uploads\/2016\/04\/BiasQxpragMeetingAbstract.pdf\" target=\"_blank\">Aren&#8217;t You Sure You Want to Check Your Own Bias? Realization of Contradictory Bias, Certainty and Ownership in Negative Polar Questions<\/a> (BiasQ)<\/li>\n<li><a href=\"https:\/\/www.xprag.de\/wp-content\/uploads\/2016\/04\/CoGCI.pdf\" target=\"_blank\">How common ground information affects reference resolution in children and adults: evidence from behavioral and neurophysiological measure<\/a> (CoGCI)<\/li>\n<li><a href=\"https:\/\/www.xprag.de\/wp-content\/uploads\/2016\/04\/FoTeRo.pdf\" target=\"_blank\">The influence of prosody on thematic role assignment in Hungarian adults<\/a> (FoTeRo)<\/li>\n<li><a href=\"https:\/\/www.xprag.de\/wp-content\/uploads\/2016\/04\/AbstracKroeger2016.pdf\" target=\"_blank\">Does Prosody influence Thematic Role Assignment during Real-Time Spoken Language Comprehension? Children vs. Adults<\/a> (FoTeRo)<\/li>\n<li><a href=\"https:\/\/www.xprag.de\/wp-content\/uploads\/2016\/04\/Abstract_GreenLeaves.pdf\" target=\"_blank\">The role of epistemic state in the processing of speaker\u2019s meaning<\/a> (InfoPer)<\/li>\n<li><a href=\"https:\/\/www.xprag.de\/wp-content\/uploads\/2016\/04\/XPrag2016_L2PronRes_focus.pdf\" target=\"_blank\">The impact of focus on pronoun resolution in native and non-native comprehension<\/a> (L2PronRes)<\/li>\n<li><a href=\"https:\/\/www.xprag.de\/wp-content\/uploads\/2016\/04\/Molcins.pdf\" target=\"_blank\">Is the pragmatics of negation taken into account during reading? Evidence from an eye-tracking study<\/a> (MoLCINS)<\/li>\n<li><a href=\"https:\/\/www.xprag.de\/wp-content\/uploads\/2016\/04\/ProComPrag.pdf\" target=\"_blank\"><em>Many<\/em> expectations about <em>few<\/em> balls<\/a> (ProComPrag)<\/li>\n<li><a href=\"https:\/\/www.xprag.de\/wp-content\/uploads\/2016\/04\/Gehrle_et_al.pdf\" target=\"_blank\">The presuppositional status of Agent-Evocator verbs and the influence of world knowledge on Implicit Causality biases<\/a> (ProProCon)<\/li>\n<li><a href=\"https:\/\/www.xprag.de\/wp-content\/uploads\/2016\/04\/Klages_et_al.pdf\" target=\"_blank\">Do L2-Learners of German Use Triggers for Free Indirect Discourse in Perspective-Taking?<\/a> (ProProCon)<\/li>\n<li><a href=\"https:\/\/www.xprag.de\/wp-content\/uploads\/2016\/04\/FreeChoiceInferences.pdf\" target=\"_blank\">Free Choice Inferences: A Priming Study<\/a> (SSI, Meyer)<\/li>\n<li><a href=\"https:\/\/www.xprag.de\/wp-content\/uploads\/2016\/04\/YesNoMeijerRepp.pdf\" target=\"_blank\">Referring to propositions &#8216;inside&#8217; a negated one: The role of the subjunctive and of modal particles<\/a> (YesNo, Meijer\/Repp)<\/li>\n<li><a href=\"https:\/\/www.xprag.de\/wp-content\/uploads\/2016\/04\/YesNoReppetal.pdf\" target=\"_blank\">Response particles: The case of English (in comparison to German)<\/a> (YesNo, Repp et al)<\/li>\n<li><a href=\"https:\/\/www.xprag.de\/wp-content\/uploads\/2016\/04\/YesNo_Claus-et-al.pdf\" target=\"_blank\">Particle responses to negative polar questions with high vs. low negation<\/a> (YesNo, Claus et al)<\/li>\n<li><a href=\"https:\/\/www.xprag.de\/wp-content\/uploads\/2016\/04\/Mucha.pdf\" target=\"_blank\">Quantifiers, pronouns, and cross\u2013linguistic variation<\/a> (XPrag.de Junior Fellow Anne Mucha)<\/li>\n<li><a href=\"https:\/\/www.xprag.de\/wp-content\/uploads\/2016\/04\/xprag_meeting_tomaszewicz.pdf\" target=\"_blank\">Focus associators <em>only<\/em>, <em>even<\/em> and <em>most<\/em> in sentence processing<\/a> (XPrag.de Junior Fellow Barbara Tomaszewicz)<\/li>\n<li><a href=\"https:\/\/www.xprag.de\/wp-content\/uploads\/2016\/04\/XPragDe16_abstract.pdf\" target=\"_blank\">Complexity and Embedded Implicature<\/a> (Benz\/Spychalska)<\/li>\n<li><a href=\"https:\/\/www.xprag.de\/wp-content\/uploads\/2016\/04\/Bott_et_al.pdf\" target=\"_blank\">On the interaction of implicit verb causality and topic continuation<\/a> (Bott\/H\u00f6rnig\/Solstad\/Weskott)<\/li>\n<li><a href=\"https:\/\/www.xprag.de\/wp-content\/uploads\/2016\/04\/abstractXPRAGde2016.pdf\" target=\"_blank\"\">Scalar implicature and epistemic content<\/a> (Spychalska\/Roesch\/Schumacher\/Vogeley\/Werning)<\/li>\n<li><a href=\"https:\/\/www.xprag.de\/wp-content\/uploads\/2016\/04\/Yatsushiro.pdf\" target=\"_blank\">New Experimental approaches to the Maxim of quantity<\/a> (Yatsushiro\/Katsos)<\/li>\n<li><a href=\"https:\/\/www.xprag.de\/wp-content\/uploads\/2016\/04\/domaneschi_facial_expressions.pdf\" target=\"_blank\">Facial Expressions and Speech Acts<\/a> (Filippo Domaneschi from associated project EXPRESS)<\/li>\n<li><a href=\"https:\/\/www.xprag.de\/wp-content\/uploads\/2016\/04\/domanesschi_Theories_Reference.pdf\" target=\"_blank\">Testing theories of reference: The effect of the semantic domain in reference assignment<\/a> (Filippo Domaneschi from associated project EXPRESS)<\/li>\n<\/ul>\n<\/td>\n<\/tr>\n<tr>\n<td>17:00 &#8211; 17:30 <\/td>\n<td><a href=\"https:\/\/www.xprag.de\/wp-content\/uploads\/2016\/04\/AbstractExCl.pdf\" target=\"_blank\">That\u2019s not quite it: An experimental investigation of (non-)exhaustivity in it-clefts<\/a><br \/>\nJoseph P. DeVeaugh-Geiss, Edgar Onea, Swantje T\u00f6nnes &#038; Malte Zimmermann (ExCl)<\/td>\n<\/tr>\n<tr>\n<td>17:30 &#8211; 18:00 <\/td>\n<td><a href=\"https:\/\/www.xprag.de\/wp-content\/uploads\/2016\/04\/abstract_xprag_obtrex.pdf\" target=\"_blank\">Additives as a window into local exhaustivity implicatures<\/a><br \/>\nNadine Bade &#038; Alexander Wimmer (ObTrEx)<\/td>\n<\/tr>\n<tr>\n<td>19:00 <\/td>\n<td> Dinner at Mensa Prinz Karl, Hafengasse 6, 72070 T\u00fcbingen (this year covered by the registration fee)<\/td>\n<\/tr>\n<\/tbody>\n<\/table>\n<\/h2>\n<h3>Tuesday, June 21th 2016<\/h3>\n<table width=\"912\">\n<tbody>\n<tr>\n<th style=\"width: 18ex;\">Time<\/th>\n<th>Event<\/th>\n<\/tr>\n<tr>\n<td>9:30 &#8211; 10:00 <\/td>\n<td><a href=\"https:\/\/www.xprag.de\/wp-content\/uploads\/2016\/04\/abstract_CiC_bott.pdf\" target=\"_blank\">Contextual Information is Immediately Available During Composition &#8211; Evidence from Eyetracking during Reading<\/a><br \/>\nOliver Bott (CiC)<\/td>\n<\/tr>\n<tr>\n<td>10:00 &#8211; 10:30 <\/td>\n<td><a href=\"https:\/\/www.xprag.de\/wp-content\/uploads\/2016\/04\/abstractXPrag.pdf\" target=\"_blank\">Conjunctive Disjunction: A Japanese Counterexample to Grice&#8217;s Nondetachability<\/a><br \/>\nUli Sauerland, Ayaka Tamura, Masatoshi Koizumi, and Jack Tomlinson (SSI)<\/td>\n<\/tr>\n<tr>\n<td>10:30 &#8211; 11:10 <\/td>\n<td>COFFEE BREAK<\/td>\n<\/tr>\n<tr>\n<td>11:10 &#8211; 11:40 <\/td>\n<td><a href=\"https:\/\/www.xprag.de\/wp-content\/uploads\/2016\/04\/best_response_interactive.pdf\" target=\"_blank\">The Interactive Best Response Paradigm: Taking into account the production of sentences with scalar terms<\/a><br \/>\nAnton Benz &#038; Nicole Gotzner (SiGames)<\/td>\n<\/tr>\n<tr>\n<td>11:40 &#8211; 12:10 <\/td>\n<td><a href=\"https:\/\/www.xprag.de\/wp-content\/uploads\/2016\/04\/FrankeBergen.pdf\" target=\"_blank\">Embedded Scalars in Probabilistic Pragmatics<\/a><br \/>\nMichael Franke (ProComPrag) &#038; Leon Bergen (Stanford), Short-term collaboration project<\/td>\n<\/tr>\n<tr>\n<td>12:10 &#8211; 12:30 <\/td>\n<td>Closing remarks<\/td>\n<\/tr>\n<\/tbody>\n<\/table>\n","protected":false},"excerpt":{"rendered":"<p>The Annual Meeting 2016 is organized by the XPrag.de projects at T\u00fcbingen University: &#8220;MoLCINS&#8221;, &#8220;ProComPrag&#8221;, &#8220;CiC&#8221; and &#8220;ObTrEx&#8221;. Time and Venue: June, 20th &#8211; 21th 2016, Eberhard-Karls-Universit\u00e4t T\u00fcbingen, Schloss Hohent\u00fcbingen, F\u00fcrstenzimmer (Burgsteige 11, 72070 T\u00fcbingen) Directions: Go up to the castle Hohent\u00fcbingen; cross the patio until coming to its end. On the left, there&#8217;s a &hellip; <a href=\"https:\/\/www.xprag.de\/?page_id=3735\" class=\"more-link\">Continue reading <span class=\"screen-reader-text\">Annual Meeting 2016 in T\u00fcbingen<\/span> <span class=\"meta-nav\">&rarr;<\/span><\/a><\/p>\n","protected":false},"author":1,"featured_media":0,"parent":0,"menu_order":0,"comment_status":"closed","ping_status":"closed","template":"static_page.php","meta":{"footnotes":""},"_links":{"self":[{"href":"https:\/\/www.xprag.de\/index.php?rest_route=\/wp\/v2\/pages\/3735"}],"collection":[{"href":"https:\/\/www.xprag.de\/index.php?rest_route=\/wp\/v2\/pages"}],"about":[{"href":"https:\/\/www.xprag.de\/index.php?rest_route=\/wp\/v2\/types\/page"}],"author":[{"embeddable":true,"href":"https:\/\/www.xprag.de\/index.php?rest_route=\/wp\/v2\/users\/1"}],"replies":[{"embeddable":true,"href":"https:\/\/www.xprag.de\/index.php?rest_route=%2Fwp%2Fv2%2Fcomments&post=3735"}],"version-history":[{"count":83,"href":"https:\/\/www.xprag.de\/index.php?rest_route=\/wp\/v2\/pages\/3735\/revisions"}],"predecessor-version":[{"id":6622,"href":"https:\/\/www.xprag.de\/index.php?rest_route=\/wp\/v2\/pages\/3735\/revisions\/6622"}],"wp:attachment":[{"href":"https:\/\/www.xprag.de\/index.php?rest_route=%2Fwp%2Fv2%2Fmedia&parent=3735"}],"curies":[{"name":"wp","href":"https:\/\/api.w.org\/{rel}","templated":true}]}}