{"id":4084,"date":"2016-06-23T17:40:16","date_gmt":"2016-06-23T15:40:16","guid":{"rendered":"http:\/\/www.xprag.de\/?page_id=4084"},"modified":"2020-07-02T17:34:04","modified_gmt":"2020-07-02T15:34:04","slug":"workshop-cross-linguistic-pragmatics","status":"publish","type":"page","link":"https:\/\/www.xprag.de\/?page_id=4084","title":{"rendered":"Workshop \u201cCross-linguistic Pragmatics\u201d"},"content":{"rendered":"<p><strong>Aim of the workshop:<\/strong><br \/>\nCross-linguistic work in semantics has grown substantially in recent years. Pragmatics has lagged behind, perhaps because it widely assumed to derive from universal principles of human rationality despite the early critique of the universality assumption by E. O. Keenan (1976). Investigating pragmatics cross-linguistically also can shed light on current proposals to conventionalize aspects of pragmatics. Finally, studying pragmatics cross-linguistic makes it possible to see how pragmatic principles interact with the grammatical properties of different languages.<br \/>\nWe seek additional contributions that advance pragmatic theory by adopting a cross-linguistic perspective or by relying on data from understudied languages. The cross-linguistic perspective often requires careful methodological considerations including formal experiments to ascertain that comparisons are valid. Therefore experiment-based contributions are specifically encouraged. <\/p>\n<p><strong>Organizers:<\/strong><br \/>\nFabienne Salfner, Uli Sauerland (SSI), Malte Zimmermann (ExCl)<\/p>\n<p><strong>Invited speakers:<\/strong><br \/>\nSuzi Lima (University of Toronto), Lisa Matthewson (UBC), Yasutada Sudo (UCL, UK)<\/p>\n<p><strong>Time and Venue:<\/strong><br \/>\n25 -27 January 2017 at ZAS Berlin, Trajekte-Raum, 3rd floor (<a href=\"https:\/\/goo.gl\/maps\/4uYQE\" title=\"Map\" target=\"_blank\" rel=\"noopener noreferrer\">&rarr;Map<\/a>)<br \/>\n<a href=\"http:\/\/www.zas.gwz-berlin.de\/index.php?id=2469&#038;L=1\" target=\"_blank\" rel=\"noopener noreferrer\">How to get to ZAS!<\/a><\/p>\n<p>Please register with your name and affiliation via e-mail to <a>xprag.de<span style=\"display:none;\">-Irgend ein Text-<\/span>@<span style=\"display:inline;\">gmail.com<\/span><\/a><\/p>\n<p><strong>Wednesday, 25th<\/strong><\/p>\n<table width=\"912\">\n<tbody>\n<tr>\n<th style=\"width: 18ex;\">Time<\/th>\n<th>Event<\/th>\n<\/tr>\n<tr>\n<td>13:00 &#8211; 14:15<\/td>\n<td> WELCOME with COFFEE<\/td>\n<\/tr>\n<tr>\n<td>14:15 &#8211; 15:15<\/td>\n<td> Yasutada Sudo (UCL, UK)<br \/>\n<em>The Morphosemantics of the Slovenian Dual<\/em> <a href=\"https:\/\/www.xprag.de\/wp-content\/uploads\/2016\/06\/Abstract_Sudo.pdf\" target=\"_blank\" rel=\"noopener noreferrer\">(Abstract)<\/a><\/td>\n<\/tr>\n<tr>\n<td>15:15 &#8211; 16:00<\/td>\n<td>Sophie Repp, Marlijn Meijer, Berry Claus (HU Berlin, Germany)<br \/>\n<em>A cross-linguistic view on speaker variation in the interpretation of response particles<\/em> <a href=\"https:\/\/www.xprag.de\/wp-content\/uploads\/2016\/06\/ReppMeijerClaus.pdf\" target=\"_blank\" rel=\"noopener noreferrer\">(Abstract)<\/a><\/td>\n<\/tr>\n<tr>\n<td>16:00 &#8211; 16:30<\/td>\n<td> COFFEE BREAK<\/td>\n<\/tr>\n<tr>\n<td>16:30 &#8211; 17:15<\/td>\n<td> Gisle Andersen (NHH, Norway)<br \/>\n<em>Pragmatic borrowing of discourse items: a challenge for cross-linguistic pragmatics<\/em> <a href=\"https:\/\/www.xprag.de\/wp-content\/uploads\/2016\/06\/Andersen.pdf\"target=\"_blank\">(Abstract)<\/a><\/td>\n<\/tr>\n<tr>\n<td>17:15 &#8211; 18:00<\/td>\n<td> Dimitra Lazaridou-Chatzigoga (HU Berlin, Germany), Napoleon Katsos (University of Cambridge, UK) &#038; Linnaea Stockall (Queen Mary, University of London)<br \/>\n<em>Generic and universally quantified generalisations: a cross-linguistic experimental study in English and Greek<\/em> <a href=\"https:\/\/www.xprag.de\/wp-content\/uploads\/2016\/06\/LazaridouKatsosStockall.pdf\"target=\"_blank\">(Abstract)<\/a><\/td>\n<\/tr>\n<tr>\n<td>18:30<\/td>\n<td> Dinner at <a href=\"http:\/\/brauhaus-georgbraeu.de\/en\/\" target=\"_blank\" rel=\"noopener noreferrer\">Brauhaus Georgbr\u00e4u, Spreeufer 4, 10178 Berlin<\/td>\n<\/tr>\n<\/tbody>\n<\/table>\n<p><strong>Thursday, 26th<\/strong><\/p>\n<table width=\"912\">\n<tbody>\n<tr>\n<th style=\"width: 18ex;\">Time<\/th>\n<th>Event<\/th>\n<\/tr>\n<tr>\n<td>11:00 &#8211; 12:00<\/td>\n<td> Suzi Lima (University of Toronto, Canada)<br \/>\n<em>Interpretation of container phrases across languages: counting and measuring<\/em><\/td>\n<\/tr>\n<tr>\n<td>12:00 &#8211; 15:15<\/td>\n<td>LUNCH BREAK<\/td>\n<\/tr>\n<tr>\n<td>15:15 &#8211; 16:00<\/td>\n<td>Fran\u00e7ois Nemo &#038; Antonia Cristinoi (Universit\u00e9 d&#8217;Orl\u00e9ans, France)<br \/>\n<em>The Pragmatics of \u201cSemantic\u201d Classification: a Cross-Linguistic Perspective<\/em> <a href=\"https:\/\/www.xprag.de\/wp-content\/uploads\/2016\/06\/NemoAntoniaNeu.pdf\"target=\"_blank\">(Abstract)<\/a><\/td>\n<\/tr>\n<tr>\n<td>16:00 &#8211; 16:30<\/td>\n<td> COFFEE BREAK<\/td>\n<\/tr>\n<tr>\n<td>16:30 &#8211; 17:15 <\/td>\n<td>Barbara Tomaszewicz &#038; Petra Schumacher (University of Cologne, Germany)<br \/>\n<em>The effects of Focus Association and of Contextual Focus on Discourse Coherence<\/em> <a href=\"https:\/\/www.xprag.de\/wp-content\/uploads\/2016\/06\/TomaszewiczSchumacher.pdf\"target=\"_blank\">(Abstract)<\/a><\/td>\n<\/tr>\n<tr>\n<td>17:15 &#8211; 18:00 <\/td>\n<td>Agata Renans (Ulster University, UK), Nadine Bade (T\u00fcbingen University, Germany) &#038; Joseph DeVaugh-Geiss (Potsdam University, Germany)<br \/>\n<em>Cross-linguistic variation in pragmatics: Maximize Presupposition vs. Obligatory Implicatures in Ga (Kwa)<\/em> <a href=\"https:\/\/www.xprag.de\/wp-content\/uploads\/2016\/06\/RenansBadeDevaughGeiss.pdf\"target=\"_blank\">(Abstract)<\/a><\/td>\n<\/tr>\n<\/tbody>\n<\/table>\n<p><strong>Friday, 27th<\/strong><\/p>\n<table width=\"912\">\n<tbody>\n<tr>\n<th style=\"width: 18ex;\">Time<\/th>\n<th>Event<\/th>\n<\/tr>\n<tr>\n<td>10:00 &#8211; 11:00<\/td>\n<td> Lisa Matthewson (UBC, Canada)<br \/>\n<em>Micro-variation in the pragmatics of verum<\/em><\/td>\n<\/tr>\n<tr>\n<td>11:00 &#8211; 11:30<\/td>\n<td> COFFEE BREAK<\/td>\n<\/tr>\n<tr>\n<td>11:30 &#8211; 12:15<\/td>\n<td>Ryan Bochnak (Universit\u00e4t Konstanz\/Universit\u00e4t Leipzig, Germany), Vera Hohaus (T\u00fcbingen University, Germany) &#038; Anne Mucha (IDS Mannheim, Germany)<br \/>\n<em>Sequence of tense in complement clauses: New insights from understudied languages<\/em> <a href=\"https:\/\/www.xprag.de\/wp-content\/uploads\/2016\/06\/BochnakHohausMucha.pdf\"target=\"_blank\">(Abstract)<\/a><\/td>\n<\/tr>\n<\/tbody>\n<\/table>\n","protected":false},"excerpt":{"rendered":"<p>Aim of the workshop: Cross-linguistic work in semantics has grown substantially in recent years. Pragmatics has lagged behind, perhaps because it widely assumed to derive from universal principles of human rationality despite the early critique of the universality assumption by E. O. Keenan (1976). Investigating pragmatics cross-linguistically also can shed light on current proposals to &hellip; <a href=\"https:\/\/www.xprag.de\/?page_id=4084\" class=\"more-link\">Continue reading <span class=\"screen-reader-text\">Workshop \u201cCross-linguistic Pragmatics\u201d<\/span> <span class=\"meta-nav\">&rarr;<\/span><\/a><\/p>\n","protected":false},"author":1,"featured_media":0,"parent":0,"menu_order":0,"comment_status":"closed","ping_status":"closed","template":"static_page.php","meta":{"footnotes":""},"_links":{"self":[{"href":"https:\/\/www.xprag.de\/index.php?rest_route=\/wp\/v2\/pages\/4084"}],"collection":[{"href":"https:\/\/www.xprag.de\/index.php?rest_route=\/wp\/v2\/pages"}],"about":[{"href":"https:\/\/www.xprag.de\/index.php?rest_route=\/wp\/v2\/types\/page"}],"author":[{"embeddable":true,"href":"https:\/\/www.xprag.de\/index.php?rest_route=\/wp\/v2\/users\/1"}],"replies":[{"embeddable":true,"href":"https:\/\/www.xprag.de\/index.php?rest_route=%2Fwp%2Fv2%2Fcomments&post=4084"}],"version-history":[{"count":51,"href":"https:\/\/www.xprag.de\/index.php?rest_route=\/wp\/v2\/pages\/4084\/revisions"}],"predecessor-version":[{"id":9070,"href":"https:\/\/www.xprag.de\/index.php?rest_route=\/wp\/v2\/pages\/4084\/revisions\/9070"}],"wp:attachment":[{"href":"https:\/\/www.xprag.de\/index.php?rest_route=%2Fwp%2Fv2%2Fmedia&parent=4084"}],"curies":[{"name":"wp","href":"https:\/\/api.w.org\/{rel}","templated":true}]}}