{"id":4761,"date":"2017-06-18T11:31:08","date_gmt":"2017-06-18T09:31:08","guid":{"rendered":"http:\/\/www.xprag.de\/?page_id=4761"},"modified":"2020-03-17T16:41:35","modified_gmt":"2020-03-17T15:41:35","slug":"pro3-members","status":"publish","type":"page","link":"https:\/\/www.xprag.de\/?page_id=4761","title":{"rendered":"Pro^3 Members"},"content":{"rendered":"<p><a href=\"https:\/\/www.xprag.de\/?page_id=4759\" title=\"Pro^3\">&larr; back to project page<\/a><\/p>\n<p><strong>Principal investigators:<\/strong><br \/>\n<a  onclick=\"showBio(1665);\">Prof. Dr. Michael Franke<\/a><br \/>\n<em>Universit\u00e4t Osnabr\u00fcck<\/em><br \/>\n<a  onclick=\"showBio(1744);\">Dr. Judith Degen<\/a><br \/>\n<em>Stanford University<\/em><\/p>\n<p><strong>Staff:<\/strong><br \/>\n<a  onclick=\"showBio(5084);\">Vinicius Macuch-Silva<\/a> (PhD student)<br \/>\n<em>Universit\u00e4t Osnabr\u00fcck<\/em><\/p>\n","protected":false},"excerpt":{"rendered":"<p>&larr; back to project page Principal investigators: Prof. Dr. Michael Franke Universit\u00e4t Osnabr\u00fcck Dr. Judith Degen Stanford University Staff: Vinicius Macuch-Silva (PhD student) Universit\u00e4t Osnabr\u00fcck<\/p>\n","protected":false},"author":1,"featured_media":0,"parent":4759,"menu_order":0,"comment_status":"closed","ping_status":"closed","template":"static_page.php","meta":{"footnotes":""},"_links":{"self":[{"href":"https:\/\/www.xprag.de\/index.php?rest_route=\/wp\/v2\/pages\/4761"}],"collection":[{"href":"https:\/\/www.xprag.de\/index.php?rest_route=\/wp\/v2\/pages"}],"about":[{"href":"https:\/\/www.xprag.de\/index.php?rest_route=\/wp\/v2\/types\/page"}],"author":[{"embeddable":true,"href":"https:\/\/www.xprag.de\/index.php?rest_route=\/wp\/v2\/users\/1"}],"replies":[{"embeddable":true,"href":"https:\/\/www.xprag.de\/index.php?rest_route=%2Fwp%2Fv2%2Fcomments&post=4761"}],"version-history":[{"count":10,"href":"https:\/\/www.xprag.de\/index.php?rest_route=\/wp\/v2\/pages\/4761\/revisions"}],"predecessor-version":[{"id":8776,"href":"https:\/\/www.xprag.de\/index.php?rest_route=\/wp\/v2\/pages\/4761\/revisions\/8776"}],"up":[{"embeddable":true,"href":"https:\/\/www.xprag.de\/index.php?rest_route=\/wp\/v2\/pages\/4759"}],"wp:attachment":[{"href":"https:\/\/www.xprag.de\/index.php?rest_route=%2Fwp%2Fv2%2Fmedia&parent=4761"}],"curies":[{"name":"wp","href":"https:\/\/api.w.org\/{rel}","templated":true}]}}