{"id":5474,"date":"2017-11-14T08:26:16","date_gmt":"2017-11-14T07:26:16","guid":{"rendered":"http:\/\/www.xprag.de\/?page_id=5474"},"modified":"2022-02-17T17:52:24","modified_gmt":"2022-02-17T16:52:24","slug":"associated-projects","status":"publish","type":"page","link":"https:\/\/www.xprag.de\/?page_id=5474","title":{"rendered":"Associated projects"},"content":{"rendered":"<ul>\n<li>Bound-Variable-Like Interpretations of Demonstrative Pronouns, Complex Demonstratives and Definite Descriptions<br \/>\nDr. Stefan Hinterwimmer (Universit\u00e4t zu K\u00f6ln)<\/li>\n<li>Coherence-based probability logic: Rationality under uncertainty (SPP 1516)<br \/>\nDr. Dr. Niki Pfeifer (Ludwig-Maximilians-Universit\u00e4t M\u00fcnchen)<\/li>\n<li>Context and language. Contextual blindness in linguistic computation<br \/>\nDr. Salvatore Pistoia-Reda (ZAS Berlin)<\/li>\n<li>Degree Attenuators: Attenuating polarity items in the degree domain<br \/>\nDr. Stephanie Solt (ZAS Berlin)<\/li>\n<li>EcoGest: Empirical and computational study of iconic gesture-speech integration and its development in preschool children<br \/>\nKatharina J. Rohlfing (Universit\u00e4t Paderborn), Friederike Kern (Universit\u00e4t Bielefeld), Stefan Kopp (CITEC, Universit\u00e4t Bielefeld)<\/li>\n<li>Experimental and Theoretical Advances in Pragmatics and Semantics (ETAPS)<br \/>\nUli Sauerland &#038; Berit Gehrke (Paris)<\/li>\n<li>EXPRESS &#8211; Experimenting on Presuppositions<br \/>\nDr. Filippo Domaneschi (University of Genoa)<\/li>\n<li>Expressing Similarity \u2013 The semantics of linguistic expressions of similarity<br \/>\nDr. habil. Carla Umbach (ZAS Berlin)<\/li>\n<li>Indefinites in discourse<br \/>\nProf. Dr. Klaus von Heusinger<\/li>\n<li>Is referential informativity constrained by visual, linguistic or cognitive abilities?<br \/>\nCatherine Davies (Leeds University) \/ Helene Kreysa (Universit\u00e4t Jena) <\/li>\n<li>Logic across languages: expressing and interpreting connectives cross-linguistically (CrossConn)<br \/>\nDr. Andreea Nicolae (ZAS Berlin)<\/li>\n<li>Mercator Research Group &#8220;Structure of Memory&#8221;<br \/>\nProf. Dr. Markus Werning (Ruhr-Universit\u00e4t Bochum) <\/li>\n<li>Referenz und Bindung von deutschen Demonstrativpronomina<br \/>\nProf. Dr. Peter Bosch (Universit\u00e4t Osnabr\u00fcck) \/ Dr. Stefan Hinterwimmer<br \/>\n(Universit\u00e4t zu K\u00f6ln)<\/li>\n<\/ul>\n","protected":false},"excerpt":{"rendered":"<p>Bound-Variable-Like Interpretations of Demonstrative Pronouns, Complex Demonstratives and Definite Descriptions Dr. Stefan Hinterwimmer (Universit\u00e4t zu K\u00f6ln) Coherence-based probability logic: Rationality under uncertainty (SPP 1516) Dr. Dr. Niki Pfeifer (Ludwig-Maximilians-Universit\u00e4t M\u00fcnchen) Context and language. Contextual blindness in linguistic computation Dr. Salvatore Pistoia-Reda (ZAS Berlin) Degree Attenuators: Attenuating polarity items in the degree domain Dr. Stephanie Solt &hellip; <a href=\"https:\/\/www.xprag.de\/?page_id=5474\" class=\"more-link\">Continue reading <span class=\"screen-reader-text\">Associated projects<\/span> <span class=\"meta-nav\">&rarr;<\/span><\/a><\/p>\n","protected":false},"author":1,"featured_media":0,"parent":631,"menu_order":0,"comment_status":"closed","ping_status":"closed","template":"static_page.php","meta":{"footnotes":""},"_links":{"self":[{"href":"https:\/\/www.xprag.de\/index.php?rest_route=\/wp\/v2\/pages\/5474"}],"collection":[{"href":"https:\/\/www.xprag.de\/index.php?rest_route=\/wp\/v2\/pages"}],"about":[{"href":"https:\/\/www.xprag.de\/index.php?rest_route=\/wp\/v2\/types\/page"}],"author":[{"embeddable":true,"href":"https:\/\/www.xprag.de\/index.php?rest_route=\/wp\/v2\/users\/1"}],"replies":[{"embeddable":true,"href":"https:\/\/www.xprag.de\/index.php?rest_route=%2Fwp%2Fv2%2Fcomments&post=5474"}],"version-history":[{"count":30,"href":"https:\/\/www.xprag.de\/index.php?rest_route=\/wp\/v2\/pages\/5474\/revisions"}],"predecessor-version":[{"id":9548,"href":"https:\/\/www.xprag.de\/index.php?rest_route=\/wp\/v2\/pages\/5474\/revisions\/9548"}],"up":[{"embeddable":true,"href":"https:\/\/www.xprag.de\/index.php?rest_route=\/wp\/v2\/pages\/631"}],"wp:attachment":[{"href":"https:\/\/www.xprag.de\/index.php?rest_route=%2Fwp%2Fv2%2Fmedia&parent=5474"}],"curies":[{"name":"wp","href":"https:\/\/api.w.org\/{rel}","templated":true}]}}