{"id":823,"date":"2015-01-07T09:46:51","date_gmt":"2015-01-07T08:46:51","guid":{"rendered":"http:\/\/www.xprag.de\/?page_id=823"},"modified":"2018-09-05T19:13:04","modified_gmt":"2018-09-05T17:13:04","slug":"workshop-on-experimental-and-crosslinguistic-evidence-for-the-distinction-between-implicatures-and-presuppositions","status":"publish","type":"page","link":"https:\/\/www.xprag.de\/?page_id=823","title":{"rendered":"Workshop on &#8220;Experimental and crosslinguistic evidence for the distinction between implicatures and presuppositions&#8221;"},"content":{"rendered":"<p><a href=\"https:\/\/www.xprag.de\/?page_id=834\" title=\"ObTrEx\">&larr; back to ObTrEx events<\/a><br \/>\n<a href=\"https:\/\/www.xprag.de\/?page_id=802\" title=\"SSI\">&larr; back to SSI events<\/a><br \/>\n<a href=\"https:\/\/www.xprag.de\/?page_id=836\" title=\"ExCl\">&larr; back to ExCl events<\/a><\/p>\n<p><strong>Organizers:<\/strong><br \/>\nNadine Bade (University of T\u00fcbingen), Sonja Tiemann (University of T\u00fcbingen), Uli Sauerland (ZAS Berlin), Edgar Onea (University of G\u00f6ttingen), Malte Zimmermann (University of Potsdam)<\/p>\n<p><strong>Date:<\/strong> 1st &#8211; 3rd July 2015<br \/>\n<strong>Venue:<\/strong> Zentrum f\u00fcr Allgemeine Sprachwissenschaft (ZAS), Berlin, Trajekte-Raum, 3rd floor,<br \/>\n(<a href=\"https:\/\/goo.gl\/maps\/4uYQE\" title=\"Map\" target=\"_blank\">&rarr;Map<\/a>)<\/p>\n<p><strong>Registration form:<\/strong> <a href=\"https:\/\/implicaturesandpresuppositions.wordpress.com\/registration-for-impres-2015\/\" target=\"_blank\">Please register here!<\/a><\/p>\n<p><strong>Warming-up on Tuesday, June 30th 2015<\/strong><\/p>\n<table width=\"912\">\n<tbody>\n<tr>\n<td>18:00<\/td>\n<td>&#8220;Variable costs&#8221; <a href=\"https:\/\/www.xprag.de\/wp-content\/uploads\/2015\/01\/Fintel_abstract.pdf\" target=\"_blank\">(abstract)<\/a><br \/>\n<em>Kai von Fintel (joint work with David Beaver)<\/em><\/td>\n<\/tr>\n<tr>\n<td>19:30<\/td>\n<td>DINNER at <a href=\"http:\/\/www.loewenbraeu-berlin.de\/\" target=\"_blank\">L\u00f6wenbr\u00e4u am Gendarmenmarkt<\/a>\n<\/td>\n<\/tr>\n<\/tbody>\n<\/table>\n<h2>\nProgram<br \/>\n<\/h2>\n<h3>Wednesday, July 1st 2015<\/h3>\n<table width=\"912\">\n<tbody>\n<tr>\n<th style=\"width: 18ex;\">Time<\/th>\n<th>Event<\/th>\n<\/tr>\n<tr>\n<td>14:00 &#8211; 14:20<\/td>\n<td><strong>Welcome Note<\/strong><\/td>\n<\/tr>\n<tr>\n<td>14:20 &#8211; 15:00<\/td>\n<td>The Strongest Meaning Hypothesis and Presupposition Projection<br \/>\n<em>Clemens Mayr and Uli Sauerland<\/em><\/td>\n<\/tr>\n<tr>\n<td>15:00 &#8211; 15:40<\/td>\n<td>Culminations as extra soft presupposition triggers<br \/>\n<em>Zsofia Gyarmathy<\/em><\/td>\n<\/tr>\n<tr>\n<td>15:40 &#8211; 16:00<\/td>\n<td>COFFEE BREAK<\/td>\n<\/tr>\n<tr>\n<td>16:00 &#8211; 17:00<\/td>\n<td>On the heterogeneity of projective content<br \/>\n<em>Invited talk by <strong>Judith Tonhauser<\/strong><\/em><\/td>\n<\/tr>\n<tr>\n<td>17:00 &#8211; 17:15<\/td>\n<td>BREAK<\/td>\n<\/tr>\n<tr>\n<tr>\n<td>17:15 &#8211; 18:15<\/td>\n<td>Grammar as logic: the case from polarity and factivity <strong>(Room 403!!!)<\/strong><br \/>\n<em>Invited talk by <strong>Gennaro Chierchia<\/strong><\/em> <\/td>\n<\/tr>\n<tr>\n<td>18:30<\/td>\n<td> DINNER at <a href=\"http:\/\/www.tapasymas-berlin.de\/\" target=\"_blank\">Tapas y mas<\/a> <\/td>\n<\/tr>\n<\/tbody>\n<\/table>\n<h3>Thursday, July 2nd 2015<\/h3>\n<table width=\"912\">\n<tbody>\n<tr>\n<th style=\"width: 18ex;\">Time<\/th>\n<th>Event<\/th>\n<\/tr>\n<tr>\n<td>10:00 &#8211; 11:00 <\/td>\n<td>On the idea that some presuppositions are scalar implicatures: the view from acquisition and Broca\u2019s Aphasia<br \/>\n<em>Invited talk by <strong>Jacopo Romoli<\/strong> <\/em><\/td>\n<\/tr>\n<tr>\n<td>11:00 &#8211; 11:20 <\/td>\n<td>COFFEE BREAK<\/td>\n<\/tr>\n<tr>\n<td>11:20 &#8211; 12:00 <\/td>\n<td>A scalar implicature-based account of the inference of pluralised mass (and count) nouns<br \/>\n<em>Frances Kane, Jacopo Romoli, Tsoulas George, Raffaella Folli and Dora Alexopoulou<\/em><\/td>\n<\/tr>\n<tr>\n<td>12:00 &#8211; 12:40 <\/td>\n<td>Plurality inferences are scalar implicatures: Further evidence from acquisition<br \/>\n<em>Lyn Tieu, Cory Bill, Jacopo Romoli and Stephen Crain<\/em><\/td>\n<\/tr>\n<tr>\n<td>12:40 &#8211; 14:00 <\/td>\n<td>LUNCH<\/td>\n<\/tr>\n<tr>\n<td>14:00 &#8211; 14:40 <\/td>\n<td>Determined Reference as a CI Component in the Meaning of Definites<br \/>\n<em>Assif Am David and Manfred Sailer<\/em><\/td>\n<\/tr>\n<tr>\n<td>14:40 &#8211; 15:20 <\/td>\n<td>Projection properties of cognitive and emotive factives<br \/>\n<em>Jennifer Spenader<\/em> <\/td>\n<\/tr>\n<tr>\n<td>15:20 &#8211; 15:40 <\/td>\n<td>COFFEE BREAK<\/td>\n<\/tr>\n<tr>\n<td>15:40 &#8211; 16:20 <\/td>\n<td>Mention-all versus mention-some: Exhaustivity and sensitivity to false answers<br \/>\n<em>Yimei Xiang<\/em><\/td>\n<\/tr>\n<tr>\n<td>16:20 &#8211; 16:30 <\/td>\n<td>BREAK<\/td>\n<\/tr>\n<tr>\n<td>16:30 &#8211; 17:30 <\/td>\n<td>Mention Some, Reconstruction, and the Notion of Answerhood<br \/>\n<em>Invited talk by <strong>Danny Fox<\/strong><\/em><\/td>\n<\/tr>\n<tr>\n<td>18:00 <\/td>\n<td>DINNER at <a href=\"http:\/\/www.valmontone.de\/\" target=\"_blank\">Valmontone<\/a><\/td>\n<\/tr>\n<\/tbody>\n<\/table>\n<h3>Friday, July 3rd 2015<\/h3>\n<table width=\"912\">\n<tbody>\n<tr>\n<th style=\"width: 18ex;\">Time<\/th>\n<th>Event<\/th>\n<\/tr>\n<tr>\n<td>10:00 &#8211; 11:00 <\/td>\n<td>An original diagnostic tool for linguistics: probability judgment<br \/>\n<em>Invited talk by <strong>Emmanuel Chemla<\/strong><\/em><\/td>\n<\/tr>\n<tr>\n<td>11:00 &#8211; 11:20 <\/td>\n<td>COFFEE BREAK<\/td>\n<\/tr>\n<tr>\n<td>11:20 &#8211; 12:00 <\/td>\n<td>Children\u2019s interpretation of sentences with multiple scalar terms<br \/>\n<em>Cory Bill, Elena Pagliarini, Jacopo Romoli, Lyn Tieu and Stephen Crain<\/em><\/td>\n<\/tr>\n<tr>\n<td>12:00 &#8211; 12:40 <\/td>\n<td>Embedded scalar implicatures: new experimental data from Russian<br \/>\n<em>Yulia Zinova, Anastasiya Lopukhina and Konstantin Lopukhin<\/em><\/td>\n<\/tr>\n<tr>\n<td>12:40 &#8211; 14:00 <\/td>\n<td>LUNCH<\/td>\n<\/tr>\n<tr>\n<td>14:00 &#8211; 14:40 <\/td>\n<td>Assessing the Bias Strength of Experiencer- Stimulus Verbs Vs. Agent-Evocator Verbs: The Role of Presupposition<br \/>\n<em>Simone Gerle, Johanna Klages, Anke Holler and Thomas Weskott<\/em><\/td>\n<\/tr>\n<tr>\n<td>14:40 &#8211; 15:00 <\/td>\n<td>COFFEE BREAK<\/td>\n<\/tr>\n<tr>\n<td>15:00 &#8211; 16:00 <\/td>\n<td>Differentiating Presupposition Triggers \u2013 Experimental Explorations<br \/>\n<em>Invited talk by <strong>Florian Schwarz<\/strong><\/em><\/td>\n<\/tr>\n<\/tbody>\n<\/table>\n<p><strong>Aim<\/strong><br \/>\nTraditionally, research in formal semantics has established a theoretical distinction between presuppositions and implicatures. This traditional view is based on the different behaviour of presuppositions and implicatures in embedding environments, their (non)ability of being cancelled, and the triggering mechanism behind them. Presuppositions, on the one hand, are said to be lexically triggered inferences, which project under negation and other types of embeddings, and are non-cancellable. Implicatures, on the other hand, are claimed to be triggered by certain linguistic structures only in specific contexts, to not project and to be cancellable. This has led to a formal semantic modeling of presuppositions as prerequisites that have to be fulfilled in the context in order for utterances to be felicitously uttered. Implicatures are modeled as inferences which, in certain contexts, enrich the assertive meaning of an utterance.<br \/>\nThis traditional view has been challenged by recent research on presuppositions and implicatures. This recent research primarily takes into consideration experimental as well as cross-linguistic data. It paints a more complicated picture and makes a distinction between both types of inferences less clear cut.<br \/>\nThe workshop will provide a forum for researchers working on these two phenomena to discuss their latest insights on the basis of empirical data, such as experimental and\/or crosslinguistic data.<\/p>\n<p><strong>Invited Speakers:<\/strong><br \/>\nEmmanuel Chemla (ENS Paris), Danny Fox (MIT), Jacopo Romoli (University of Ulster), Florian Schwarz (University of Pennsylvania), Judith Tonhauser (Ohio State University)<\/p>\n<p><strong>Contact:<\/strong><br \/>\nNadine Bade (nadine.bade@uni-tuebingen.de)<br \/>\nSonja Tiemann (sonja.tiemann@uni-tuebingen.de)<\/p>\n<p><!--\n<strong>Call for Papers<\/strong>\nWe invite submissions for 30-minute talks plus 10 minutes for discussion. Abstracts must be anonymous, in PDF format, 2 pages (A4 or letter), in a font size no less than 12pt. \nPlease submit abstracts via EasyChair (<a href=\"https:\/\/easychair.org\/conferences\/?conf=impres1\" target=\"_blank\">https:\/\/easychair.org\/conferences\/?conf=impres1<\/a>) no later than <strong>March 1st<\/strong>.\n\n<strong>Relevant topics include, but are not limited, to the following:<\/strong>\n\n\n<ul>\n\n\t\n\n<li>Presuppositions and Implicatures in online processing<\/li>\n\n\n\n\t\n\n<li>Presuppositions and Implicatures crosslinguistically<\/li>\n\n\n\n\t\n\n<li>Factors triggering exhaustivity effects<\/li>\n\n\n\n\t\n\n<li>Differences between different kinds of Presuppositions and Implicatures<\/li>\n\n\n<\/ul>\n\n\n\n\n\n\n\n<strong>Important dates:<\/strong>\nWorkshop: July 1st - July 3rd \nAbstract Deadline: <strong>Extended to March 15th<\/strong> \nNotification: End of March\n--><\/p>\n","protected":false},"excerpt":{"rendered":"<p>&larr; back to ObTrEx events &larr; back to SSI events &larr; back to ExCl events Organizers: Nadine Bade (University of T\u00fcbingen), Sonja Tiemann (University of T\u00fcbingen), Uli Sauerland (ZAS Berlin), Edgar Onea (University of G\u00f6ttingen), Malte Zimmermann (University of Potsdam) Date: 1st &#8211; 3rd July 2015 Venue: Zentrum f\u00fcr Allgemeine Sprachwissenschaft (ZAS), Berlin, Trajekte-Raum, 3rd &hellip; <a href=\"https:\/\/www.xprag.de\/?page_id=823\" class=\"more-link\">Continue reading <span class=\"screen-reader-text\">Workshop on &#8220;Experimental and crosslinguistic evidence for the distinction between implicatures and presuppositions&#8221;<\/span> <span class=\"meta-nav\">&rarr;<\/span><\/a><\/p>\n","protected":false},"author":1,"featured_media":0,"parent":0,"menu_order":0,"comment_status":"closed","ping_status":"closed","template":"static_page.php","meta":{"footnotes":""},"_links":{"self":[{"href":"https:\/\/www.xprag.de\/index.php?rest_route=\/wp\/v2\/pages\/823"}],"collection":[{"href":"https:\/\/www.xprag.de\/index.php?rest_route=\/wp\/v2\/pages"}],"about":[{"href":"https:\/\/www.xprag.de\/index.php?rest_route=\/wp\/v2\/types\/page"}],"author":[{"embeddable":true,"href":"https:\/\/www.xprag.de\/index.php?rest_route=\/wp\/v2\/users\/1"}],"replies":[{"embeddable":true,"href":"https:\/\/www.xprag.de\/index.php?rest_route=%2Fwp%2Fv2%2Fcomments&post=823"}],"version-history":[{"count":51,"href":"https:\/\/www.xprag.de\/index.php?rest_route=\/wp\/v2\/pages\/823\/revisions"}],"predecessor-version":[{"id":6780,"href":"https:\/\/www.xprag.de\/index.php?rest_route=\/wp\/v2\/pages\/823\/revisions\/6780"}],"wp:attachment":[{"href":"https:\/\/www.xprag.de\/index.php?rest_route=%2Fwp%2Fv2%2Fmedia&parent=823"}],"curies":[{"name":"wp","href":"https:\/\/api.w.org\/{rel}","templated":true}]}}