{"id":838,"date":"2015-01-07T10:03:37","date_gmt":"2015-01-07T09:03:37","guid":{"rendered":"http:\/\/www.xprag.de\/?page_id=838"},"modified":"2020-02-24T18:43:18","modified_gmt":"2020-02-24T17:43:18","slug":"questions-in-discourse","status":"publish","type":"page","link":"https:\/\/www.xprag.de\/?page_id=838","title":{"rendered":"Questions in Discourse"},"content":{"rendered":"<p>\t<strong>Organizers:<\/strong> ExCl\t<\/p>\n<p><strong>Time: <\/strong>18-20 September 2014 <\/p>\n<p>\t\t\t\t\t<strong>Venue:<\/strong> Universit\u00e4t G\u00f6ttingen, H\u00f6rsaal PH20, Humboldtallee 19 <\/p>\n<p>\t\t\t\t\t\t\t<strong>Thursday, 18 September<\/strong><\/p>\n<table border=\"0\">\n<tbody>\n<tr>\n<td>09:00-09:45<\/td>\n<td> Edgar Onea, Malte Zimmermann, Joseph P. DeVeaugh-Geiss, Anna-Christina Boell<br \/>\nWelcome \/ Project Presentation &#8220;Exhaustivity in <i>It<\/i>-Clefts&#8221; <a href=\"https:\/\/www.xprag.de\/wp-content\/uploads\/2015\/01\/20140922qidgoettingenboell_deveaugh_geiss.pdf\"target=\"_blank\">(slides)<\/a><\/td>\n<\/tr>\n<tr>\n<td>09:45-10:30 <\/td>\n<td> Hans Kamp t.b.a.<\/td>\n<\/tr>\n<tr>\n<td>10:30-10:45 <\/td>\n<td> <i>coffee break<\/i><\/td>\n<\/tr>\n<tr>\n<td>10:45-11:30 <\/td>\n<td> Judith Tonhauser<br \/>\n&#8220;What&#8217;s the Question? Towards a Monosemous Analysis of Evaluative Adjectives&#8221;<\/td>\n<\/tr>\n<tr>\n<td>11:30-12:15 <\/td>\n<td> Maria Aloni, Floris Roelofsen, Nadine Theiler<br \/>\n&#8220;Embedded Interrogatives: The Role of False Answers&#8221; <a href=\"https:\/\/www.xprag.de\/wp-content\/uploads\/2015\/01\/20140918qidgoettingen_roelofsen_theiler_aloni.pdf\"target=\"_blank\">(slides)<\/a><\/td>\n<\/tr>\n<tr>\n<td>12:15-13:00 <\/td>\n<td> Manuel Kriz<br \/>\n&#8220;Issues and Granularity: Definite and Indefinite Plurals&#8221;<\/td>\n<\/tr>\n<tr>\n<td>13:00-14:30 <\/td>\n<td> <i>lunch at &#8220;<a href=\"http:\/\/adresse.gelbeseiten.de\/11033610302\/chiangmai\/goettingen#gaststaetten-thailaendisch;originIndex=0;origin=\/thai-restaurant\/goettingen\">Chiang Mai<\/a>&#8221; Thai restaurant, Nikolausberger Weg 27<\/i><\/td>\n<\/tr>\n<tr>\n<td>14:30-15:15 <\/td>\n<td> Yimei Xiang<br \/>\n&#8220;A Semantic Approach to the Distribution of Mention-Some Questions&#8221;<\/td>\n<\/tr>\n<tr>\n<td>15:15-16:00 <\/td>\n<td> Arndt Riester t.b.a.<\/td>\n<\/tr>\n<tr>\n<td>16:00-16:15 <\/td>\n<td> <i>coffee break<\/i><\/td>\n<\/tr>\n<tr>\n<td>16:15-17:00 <\/td>\n<td> Andreea Nicolae<br \/>\n&#8220;Exhaustivity and NPI Licensing in Wh-Questions&#8221;<\/td>\n<\/tr>\n<tr>\n<td>17:00-17:45 <\/td>\n<td> Tanja Rojas-Esponda<br \/>\n&#8220;Structure in the Space of Discourse Particles&#8221;<\/td>\n<\/tr>\n<tr>\n<td style=\"margin-bottom:10px\">19:00-til<\/td>\n<td><i>dinner at &#8220;Zum Sz\u00fcltenb\u00fcrger&#8221; restaurant, Prinzenstra\u00dfe 7<\/i><\/td>\n<\/tr>\n<\/tbody>\n<\/table>\n<p>\t\t\t\t\t\t\t<strong>Friday, 19 September<\/strong><\/p>\n<table border=\"0\">\n<tbody>\n<tr>\n<td>09:00-09:45 <\/td>\n<td> Manfred Krifka<br \/>\n&#8220;Focus in Question Acts&#8221;<\/td>\n<\/tr>\n<tr>\n<td>09:45-10:30 <\/td>\n<td> Beste Kamali<br \/>\n&#8220;The Intricacies of Polar Questions in Turkish&#8221;<\/td>\n<\/tr>\n<tr>\n<td>10:30-10:45 <\/td>\n<td> <i>coffee break<\/i><\/td>\n<\/tr>\n<tr>\n<td>10:45-11:30 <\/td>\n<td> Wataru Uegaki<br \/>\n&#8220;Nominal Complements of Attitude Predicates and the Semantics of Question-Embedding&#8221;<\/td>\n<\/tr>\n<tr>\n<td>11:30-12:15 <\/td>\n<td> Elsi Kaiser<br \/>\n&#8220;Experimental Investigations of English Clefts: Exhaustivity and Alternatives&#8221;<\/td>\n<\/tr>\n<tr>\n<td>12:15-12:45 <\/td>\n<td> Eva Shipova<br \/>\n&#8220;Semantics of <i>\u00e8to<\/i>-clefts in Russian&#8221;<\/td>\n<\/tr>\n<tr>\n<td>12:45-14:00 <\/td>\n<td> <i>lunch at &#8220;<a href=\"http:\/\/www.studentenwerk-goettingen.de\/1666.html\">Mensa am Turm<\/a>&#8221; cafeteria, Go\u00dflerstra\u00dfe 12 b<\/i><\/td>\n<\/tr>\n<tr>\n<td>14:00-14:45 <\/td>\n<td> Martin Aher<br \/>\n&#8220;Deontic and Epistemic Modals in Suppositional [Inquisitive] Semantics&#8221; <a href=\"https:\/\/www.xprag.de\/wp-content\/uploads\/2015\/01\/20140919qidgoettingen_aher.pdf\"target=\"_blank\">(slides)<\/a><\/td>\n<\/tr>\n<tr>\n<td>14:45-15:30 <\/td>\n<td> David Beaver t.b.a.<\/td>\n<\/tr>\n<tr>\n<td>17:00-18:30 <\/td>\n<td> <i>social activity: <a href=\"http:\/\/www.goettingen-tourismus.de\/erleben\/stadtfuehrungen\/stadtfuehrungen-fuer-gruppen\/fuehrungen-zu-spezialthemen\/gebaeude-mit-geschichte.html\">F\u00fchrung G\u00f6ttinger Unterwelten<\/a><\/i><\/td>\n<\/tr>\n<tr>\n<td style=\"margin-bottom:10px\">19:00-til<\/td>\n<td><i>dinner at &#8220;<a href=\"http:\/\/www.bullerjahn.info\/\"> Bullerjahn<\/a>&#8221; restaurant, Markt 9<\/i><\/td>\n<\/tr>\n<\/tbody>\n<\/table>\n<p>\t\t\t\t\t\t<strong>Saturday, 20 September<\/strong><\/p>\n<table border=\"0\">\n<tbody>\n<tr>\n<td>09:00-10:30 <\/td>\n<td> Discussion on experimental approaches to exhaustiveness in clefts and exclusives<\/td>\n<\/tr>\n<tr>\n<td>10:30-11:00 <\/td>\n<td> <i>coffee break<\/i><\/td>\n<\/tr>\n<tr>\n<td>11:00-12:00 <\/td>\n<td> Discussion on other topics that emerged during the workshop<\/td>\n<\/tr>\n<tr>\n<td>12:00-12:15 <\/td>\n<td> Closing remarks<\/td>\n<\/tr>\n<\/tbody>\n<\/table>\n","protected":false},"excerpt":{"rendered":"<p>Organizers: ExCl Time: 18-20 September 2014 Venue: Universit\u00e4t G\u00f6ttingen, H\u00f6rsaal PH20, Humboldtallee 19 Thursday, 18 September 09:00-09:45 Edgar Onea, Malte Zimmermann, Joseph P. DeVeaugh-Geiss, Anna-Christina Boell Welcome \/ Project Presentation &#8220;Exhaustivity in It-Clefts&#8221; (slides) 09:45-10:30 Hans Kamp t.b.a. 10:30-10:45 coffee break 10:45-11:30 Judith Tonhauser &#8220;What&#8217;s the Question? Towards a Monosemous Analysis of Evaluative Adjectives&#8221; 11:30-12:15 &hellip; <a href=\"https:\/\/www.xprag.de\/?page_id=838\" class=\"more-link\">Continue reading <span class=\"screen-reader-text\">Questions in Discourse<\/span> <span class=\"meta-nav\">&rarr;<\/span><\/a><\/p>\n","protected":false},"author":1,"featured_media":0,"parent":0,"menu_order":0,"comment_status":"closed","ping_status":"closed","template":"static_page.php","meta":{"footnotes":""},"_links":{"self":[{"href":"https:\/\/www.xprag.de\/index.php?rest_route=\/wp\/v2\/pages\/838"}],"collection":[{"href":"https:\/\/www.xprag.de\/index.php?rest_route=\/wp\/v2\/pages"}],"about":[{"href":"https:\/\/www.xprag.de\/index.php?rest_route=\/wp\/v2\/types\/page"}],"author":[{"embeddable":true,"href":"https:\/\/www.xprag.de\/index.php?rest_route=\/wp\/v2\/users\/1"}],"replies":[{"embeddable":true,"href":"https:\/\/www.xprag.de\/index.php?rest_route=%2Fwp%2Fv2%2Fcomments&post=838"}],"version-history":[{"count":14,"href":"https:\/\/www.xprag.de\/index.php?rest_route=\/wp\/v2\/pages\/838\/revisions"}],"predecessor-version":[{"id":8556,"href":"https:\/\/www.xprag.de\/index.php?rest_route=\/wp\/v2\/pages\/838\/revisions\/8556"}],"wp:attachment":[{"href":"https:\/\/www.xprag.de\/index.php?rest_route=%2Fwp%2Fv2%2Fmedia&parent=838"}],"curies":[{"name":"wp","href":"https:\/\/api.w.org\/{rel}","templated":true}]}}