{"id":863,"date":"2015-01-07T11:10:35","date_gmt":"2015-01-07T10:10:35","guid":{"rendered":"http:\/\/www.xprag.de\/?page_id=863"},"modified":"2020-11-23T11:27:50","modified_gmt":"2020-11-23T10:27:50","slug":"exclmembers","status":"publish","type":"page","link":"https:\/\/www.xprag.de\/?page_id=863","title":{"rendered":"ExCl Members"},"content":{"rendered":"<p><a title=\"ExCl\" href=\"https:\/\/www.xprag.de\/?page_id=94\">&larr; back to project page<\/a><\/p>\n<p><strong>Principal investigators:<\/strong><br \/>\n<a onclick=\"showBio(2071);\">Prof. Dr. Edgar Onea <\/a> (2014 &#8211; 2017)<br \/>\n<em>Georg-August-Universit\u00e4t G\u00f6ttingen<\/em><br \/>\n<a onclick=\"showBio(2087);\">Prof. Dr. Malte Zimmermann<\/a> (2014 &#8211; 2017)<br \/>\n<em>Universit\u00e4t Potsdam<\/em><\/p>\n<p><strong>Staff:<\/strong><br \/>\n<a onclick=\"showBio(1931);\"> Joseph P. DeVeaugh-Geiss <\/a>(PhD student, 2014 &#8211; 2017)<br \/>\n<em>Universit\u00e4t Potsdam<\/em><br \/>\n<a onclick=\"showBio(3384);\"> Swantje T\u00f6nnis<\/a> (PhD student, 2015 &#8211; 2017)<br \/>\n<em>Georg-August-Universit\u00e4t G\u00f6ttingen<\/em><br \/>\n<a onclick=\"showBio(3414);\">Anne Mucha<\/a> (XPrag.de Junior Fellow, 2016)<br \/>\n<em>Universit\u00e4t Potsdam<\/em><br \/>\n<a onclick=\"showBio(1218);\"> Anna-Christina Pavlovic (n\u00e9e Boell)<\/a> (PhD student, 2014 &#8211; 2015)<br \/>\n<em>Georg-August-Universit\u00e4t G\u00f6ttingen<\/em><\/p>\n","protected":false},"excerpt":{"rendered":"<p>&larr; back to project page Principal investigators: Prof. Dr. Edgar Onea (2014 &#8211; 2017) Georg-August-Universit\u00e4t G\u00f6ttingen Prof. Dr. Malte Zimmermann (2014 &#8211; 2017) Universit\u00e4t Potsdam Staff: Joseph P. DeVeaugh-Geiss (PhD student, 2014 &#8211; 2017) Universit\u00e4t Potsdam Swantje T\u00f6nnis (PhD student, 2015 &#8211; 2017) Georg-August-Universit\u00e4t G\u00f6ttingen Anne Mucha (XPrag.de Junior Fellow, 2016) Universit\u00e4t Potsdam Anna-Christina Pavlovic &hellip; <a href=\"https:\/\/www.xprag.de\/?page_id=863\" class=\"more-link\">Continue reading <span class=\"screen-reader-text\">ExCl Members<\/span> <span class=\"meta-nav\">&rarr;<\/span><\/a><\/p>\n","protected":false},"author":1,"featured_media":0,"parent":94,"menu_order":0,"comment_status":"closed","ping_status":"closed","template":"static_page.php","meta":{"footnotes":""},"_links":{"self":[{"href":"https:\/\/www.xprag.de\/index.php?rest_route=\/wp\/v2\/pages\/863"}],"collection":[{"href":"https:\/\/www.xprag.de\/index.php?rest_route=\/wp\/v2\/pages"}],"about":[{"href":"https:\/\/www.xprag.de\/index.php?rest_route=\/wp\/v2\/types\/page"}],"author":[{"embeddable":true,"href":"https:\/\/www.xprag.de\/index.php?rest_route=\/wp\/v2\/users\/1"}],"replies":[{"embeddable":true,"href":"https:\/\/www.xprag.de\/index.php?rest_route=%2Fwp%2Fv2%2Fcomments&post=863"}],"version-history":[{"count":35,"href":"https:\/\/www.xprag.de\/index.php?rest_route=\/wp\/v2\/pages\/863\/revisions"}],"predecessor-version":[{"id":9435,"href":"https:\/\/www.xprag.de\/index.php?rest_route=\/wp\/v2\/pages\/863\/revisions\/9435"}],"up":[{"embeddable":true,"href":"https:\/\/www.xprag.de\/index.php?rest_route=\/wp\/v2\/pages\/94"}],"wp:attachment":[{"href":"https:\/\/www.xprag.de\/index.php?rest_route=%2Fwp%2Fv2%2Fmedia&parent=863"}],"curies":[{"name":"wp","href":"https:\/\/api.w.org\/{rel}","templated":true}]}}