{"id":870,"date":"2015-01-07T11:16:44","date_gmt":"2015-01-07T10:16:44","guid":{"rendered":"http:\/\/www.xprag.de\/?page_id=870"},"modified":"2020-03-17T15:54:13","modified_gmt":"2020-03-17T14:54:13","slug":"obtrex-members","status":"publish","type":"page","link":"https:\/\/www.xprag.de\/?page_id=870","title":{"rendered":"ObTrEx Members"},"content":{"rendered":"<p><a title=\"ObTrEx\" href=\"https:\/\/www.xprag.de\/?page_id=30\">\u2190 back to project page<\/a><\/p>\n<p><strong>Principal investigator:<\/strong><br \/>\n<a onclick=\"showBio(1214);\"> Prof. Dr. Sigrid Beck <\/a><br \/>\n<em>Eberhard Karls Universit\u00e4t T\u00fcbingen<\/em><\/p>\n<p><strong>Staff:<\/strong><br \/>\n<a onclick=\"showBio(3365);\"> Alexander Wimmer <\/a><br \/>\n<a  onclick=\"showBio(4116);\">Dr. Doris Penka<\/a><br \/>\n<em>Eberhard Karls Universit\u00e4t T\u00fcbingen<\/em><\/p>\n<p><strong>Former members:<\/strong><br \/>\n<a onclick=\"showBio(2243);\"> Dr. Sonja Tiemann<\/a> (2014 &#8211; 2015)<br \/>\n<a onclick=\"showBio(1212);\"> Dr. Nadine Bade <\/a> (2014 &#8211; 2019)<\/p>\n","protected":false},"excerpt":{"rendered":"<p>\u2190 back to project page Principal investigator: Prof. Dr. Sigrid Beck Eberhard Karls Universit\u00e4t T\u00fcbingen Staff: Alexander Wimmer Dr. Doris Penka Eberhard Karls Universit\u00e4t T\u00fcbingen Former members: Dr. Sonja Tiemann (2014 &#8211; 2015) Dr. Nadine Bade (2014 &#8211; 2019)<\/p>\n","protected":false},"author":1,"featured_media":0,"parent":30,"menu_order":0,"comment_status":"closed","ping_status":"closed","template":"static_page.php","meta":{"footnotes":""},"_links":{"self":[{"href":"https:\/\/www.xprag.de\/index.php?rest_route=\/wp\/v2\/pages\/870"}],"collection":[{"href":"https:\/\/www.xprag.de\/index.php?rest_route=\/wp\/v2\/pages"}],"about":[{"href":"https:\/\/www.xprag.de\/index.php?rest_route=\/wp\/v2\/types\/page"}],"author":[{"embeddable":true,"href":"https:\/\/www.xprag.de\/index.php?rest_route=\/wp\/v2\/users\/1"}],"replies":[{"embeddable":true,"href":"https:\/\/www.xprag.de\/index.php?rest_route=%2Fwp%2Fv2%2Fcomments&post=870"}],"version-history":[{"count":16,"href":"https:\/\/www.xprag.de\/index.php?rest_route=\/wp\/v2\/pages\/870\/revisions"}],"predecessor-version":[{"id":8708,"href":"https:\/\/www.xprag.de\/index.php?rest_route=\/wp\/v2\/pages\/870\/revisions\/8708"}],"up":[{"embeddable":true,"href":"https:\/\/www.xprag.de\/index.php?rest_route=\/wp\/v2\/pages\/30"}],"wp:attachment":[{"href":"https:\/\/www.xprag.de\/index.php?rest_route=%2Fwp%2Fv2%2Fmedia&parent=870"}],"curies":[{"name":"wp","href":"https:\/\/api.w.org\/{rel}","templated":true}]}}