{"id":883,"date":"2015-01-07T11:43:49","date_gmt":"2015-01-07T10:43:49","guid":{"rendered":"http:\/\/www.xprag.de\/?page_id=883"},"modified":"2020-04-07T14:46:42","modified_gmt":"2020-04-07T12:46:42","slug":"procomprag-members","status":"publish","type":"page","link":"https:\/\/www.xprag.de\/?page_id=883","title":{"rendered":"ProComPrag Members"},"content":{"rendered":"<p><a title=\"ProComPrag\" href=\"https:\/\/www.xprag.de\/?page_id=63\">&larr; back to project page<\/a><\/p>\n<p><strong>Principal investigators:<\/strong><br \/>\n<a onclick=\"showBio(1744);\">Dr. Judith Degen<\/a><br \/>\n<em>Stanford University<\/em><br \/>\n<a onclick=\"showBio(1665);\">Dr. Michael Franke<\/a><br \/>\n<em>Eberhard Karls Universit\u00e4t T\u00fcbingen<\/em><br \/>\n<a onclick=\"showBio(2434);\">Prof. Dr. Gerhard J\u00e4ger<\/a><br \/>\n<em>Eberhard Karls Universit\u00e4t T\u00fcbingen<\/em><\/p>\n<p><strong>Staff:<\/strong><br \/>\n<a onclick=\"showBio(1860);\"> Anthea Sch\u00f6ller<\/a> (PhD student, 2014 &#8211; 2017)<br \/>\n<em>Eberhard Karls Universit\u00e4t T\u00fcbingen<\/em><\/p>\n\r\n<div id=\"gallery\" style=\"margin: 0px auto; display: none;\">\r\n<div data-type=\"youtube\" data-title=\"Gerhard J\u00e4ger\" data-description=\"Principal Investigator of project ProComPrag in T\u00fcbingen\" data-thumb=\"https:\/\/i.ytimg.com\/vi\/keFYtw_wTs0\/mqdefault.jpg\" data-image=\"https:\/\/i.ytimg.com\/vi\/keFYtw_wTs0\/sddefault.jpg\" data-videoid=\"keFYtw_wTs0\"><\/div>\r\n<div data-type=\"youtube\" data-title=\"Michael Franke\" data-description=\"Principal Investigator of project ProComPrag in T\u00fcbingen\" data-thumb=\"https:\/\/i.ytimg.com\/vi\/OMz9ymd3rlM\/mqdefault.jpg\" data-image=\"https:\/\/i.ytimg.com\/vi\/OMz9ymd3rlM\/sddefault.jpg\" data-videoid=\"OMz9ymd3rlM\"><\/div>\r\n<\/div>\r\n<script type=\"text\/javascript\">\r\n      jQuery(document).ready(function($) {\r\n        $( \"#gallery\" ).unitegallery({\r\n            tile_width: 180,\t\t\t\t\t\t\/\/tile width\r\n\t    tile_height: 150,\t\t\t\t\t\t\/\/tile height\r\n\t    theme_gallery_padding: 0,\t\t\t\t\/\/padding from sides of the gallery\r\n\t    grid_padding:10,\t\t\t\t\t\t\/\/set padding to the grid\r\n\t    grid_space_between_cols: 20,\t\t\t\/\/space between columns\r\n\t    grid_space_between_rows: 20,\t\t\t\/\/space between rows\r\n\t    theme_auto_open:null,\t\t\t\/\/auto open lightbox at start\r\n    \t    gallery_theme: \"tilesgrid\",\t\t\t\t\/\/choose gallery theme \r\n\t    gallery_width:\"100%\",\t\t\t\t\/\/gallery width\r\n\t    gallery_min_width: 150,\t\t\t\t\/\/gallery minimal width when resizing\r\n\t    gallery_background_color: \"\",\t\t\/\/set custom background color.\r\n            grid_num_rows:3,\r\n            tile_enable_textpanel:true,\r\n            tile_textpanel_title_text_align: \"center\",\r\n            tile_textpanel_always_on:true\r\n\t\t        });\r\n    });\r\n  <\/script>\r\n\n<div style=\"margin-top: 1em;\"><\/div>\n","protected":false},"excerpt":{"rendered":"<p>&larr; back to project page Principal investigators: Dr. Judith Degen Stanford University Dr. Michael Franke Eberhard Karls Universit\u00e4t T\u00fcbingen Prof. Dr. Gerhard J\u00e4ger Eberhard Karls Universit\u00e4t T\u00fcbingen Staff: Anthea Sch\u00f6ller (PhD student, 2014 &#8211; 2017) Eberhard Karls Universit\u00e4t T\u00fcbingen<\/p>\n","protected":false},"author":1,"featured_media":0,"parent":63,"menu_order":0,"comment_status":"closed","ping_status":"closed","template":"static_page.php","meta":{"footnotes":""},"_links":{"self":[{"href":"https:\/\/www.xprag.de\/index.php?rest_route=\/wp\/v2\/pages\/883"}],"collection":[{"href":"https:\/\/www.xprag.de\/index.php?rest_route=\/wp\/v2\/pages"}],"about":[{"href":"https:\/\/www.xprag.de\/index.php?rest_route=\/wp\/v2\/types\/page"}],"author":[{"embeddable":true,"href":"https:\/\/www.xprag.de\/index.php?rest_route=\/wp\/v2\/users\/1"}],"replies":[{"embeddable":true,"href":"https:\/\/www.xprag.de\/index.php?rest_route=%2Fwp%2Fv2%2Fcomments&post=883"}],"version-history":[{"count":17,"href":"https:\/\/www.xprag.de\/index.php?rest_route=\/wp\/v2\/pages\/883\/revisions"}],"predecessor-version":[{"id":8893,"href":"https:\/\/www.xprag.de\/index.php?rest_route=\/wp\/v2\/pages\/883\/revisions\/8893"}],"up":[{"embeddable":true,"href":"https:\/\/www.xprag.de\/index.php?rest_route=\/wp\/v2\/pages\/63"}],"wp:attachment":[{"href":"https:\/\/www.xprag.de\/index.php?rest_route=%2Fwp%2Fv2%2Fmedia&parent=883"}],"curies":[{"name":"wp","href":"https:\/\/api.w.org\/{rel}","templated":true}]}}