{"id":948,"date":"2015-01-08T21:47:04","date_gmt":"2015-01-08T20:47:04","guid":{"rendered":"http:\/\/www.xprag.de\/?page_id=948"},"modified":"2020-04-07T14:13:44","modified_gmt":"2020-04-07T12:13:44","slug":"cogci-members","status":"publish","type":"page","link":"https:\/\/www.xprag.de\/?page_id=948","title":{"rendered":"CoGCI Members"},"content":{"rendered":"<p><a title=\"CoGCI\" href=\"https:\/\/www.xprag.de\/?page_id=71\">&larr; back to project page<\/a><\/p>\n<p><strong>Principal investigators:<\/strong><br \/>\n<a onclick=\"showBio(1716);\"> Prof. Dr. Barbara H\u00f6hle<\/a> (2014 &#8211; 2018)<br \/>\n<a onclick=\"showBio(1652);\"> Prof. Dr. Isabell Wartenburger<\/a> (2014 &#8211; 2018)<br \/>\n<em>Universit\u00e4t Potsdam<\/em><\/p>\n<p><strong>Staff:<\/strong><br \/>\n<a onclick=\"showBio(1720);\"> Dr. Choonkyu Lee <\/a> (2014 &#8211; 2017)<br \/>\n<a onclick=\"showBio(2084);\"> Maria Richter<\/a> (2015 &#8211; 2017)<br \/>\n<em>Universit\u00e4t Potsdam<\/em><\/p>\n<p><strong>Associates:<\/strong><br \/>\nDr. Lu Zhang<br \/>\n<em>Universit\u00e4t Potsdam<\/em><\/p>\n","protected":false},"excerpt":{"rendered":"<p>&larr; back to project page Principal investigators: Prof. Dr. Barbara H\u00f6hle (2014 &#8211; 2018) Prof. Dr. Isabell Wartenburger (2014 &#8211; 2018) Universit\u00e4t Potsdam Staff: Dr. Choonkyu Lee (2014 &#8211; 2017) Maria Richter (2015 &#8211; 2017) Universit\u00e4t Potsdam Associates: Dr. Lu Zhang Universit\u00e4t Potsdam<\/p>\n","protected":false},"author":1,"featured_media":0,"parent":71,"menu_order":0,"comment_status":"closed","ping_status":"closed","template":"static_page.php","meta":{"footnotes":""},"_links":{"self":[{"href":"https:\/\/www.xprag.de\/index.php?rest_route=\/wp\/v2\/pages\/948"}],"collection":[{"href":"https:\/\/www.xprag.de\/index.php?rest_route=\/wp\/v2\/pages"}],"about":[{"href":"https:\/\/www.xprag.de\/index.php?rest_route=\/wp\/v2\/types\/page"}],"author":[{"embeddable":true,"href":"https:\/\/www.xprag.de\/index.php?rest_route=\/wp\/v2\/users\/1"}],"replies":[{"embeddable":true,"href":"https:\/\/www.xprag.de\/index.php?rest_route=%2Fwp%2Fv2%2Fcomments&post=948"}],"version-history":[{"count":17,"href":"https:\/\/www.xprag.de\/index.php?rest_route=\/wp\/v2\/pages\/948\/revisions"}],"predecessor-version":[{"id":8873,"href":"https:\/\/www.xprag.de\/index.php?rest_route=\/wp\/v2\/pages\/948\/revisions\/8873"}],"up":[{"embeddable":true,"href":"https:\/\/www.xprag.de\/index.php?rest_route=\/wp\/v2\/pages\/71"}],"wp:attachment":[{"href":"https:\/\/www.xprag.de\/index.php?rest_route=%2Fwp%2Fv2%2Fmedia&parent=948"}],"curies":[{"name":"wp","href":"https:\/\/api.w.org\/{rel}","templated":true}]}}