{"id":951,"date":"2015-01-08T21:51:33","date_gmt":"2015-01-08T20:51:33","guid":{"rendered":"http:\/\/www.xprag.de\/?page_id=951"},"modified":"2022-02-18T15:03:10","modified_gmt":"2022-02-18T14:03:10","slug":"fotero-members","status":"publish","type":"page","link":"https:\/\/www.xprag.de\/?page_id=951","title":{"rendered":"FoTeRo Members"},"content":{"rendered":"<p><a title=\"FoTeRo\" href=\"https:\/\/www.xprag.de\/?page_id=86\">\u2190 back to project page<\/a><\/p>\n<p><strong>Principal investigators:<\/strong><br \/>\nProf. Dr. Pia Knoeferle (2014 &#8211; 2019)<br \/>\n<em>Universit\u00e4t Bielefeld; Humboldt-Universit\u00e4t zu Berlin<\/em><br \/>\nProf. Dr. Stavros Skopeteas (2014 &#8211; 2019)<br \/>\n<em>Universit\u00e4t Bielefeld; Georg-August-Universit\u00e4t G\u00f6ttingen<\/em><\/p>\n<p><strong>Staff:<\/strong><br \/>\nEmese Bodnar (2018 &#8211; 2019)<br \/>\n<em>Georg-August-Universit\u00e4t G\u00f6ttingen<\/em><br \/>\nGabor Muller (PhD student, 2015 &#8211; 2017)<br \/>\nJulia Kr\u00f6ger (PhD student, 2014 &#8211; 2019)<br \/>\n<em>Universit\u00e4t Bielefeld<\/em><\/p>\n<p><strong>Collaboration partner:<\/strong><br \/>\nDr. Kriszta Szendroi (UCL)<br \/>\n(collaboration on the syntax and prosody of Hungarian focus, acquisition of Hungarian syntax)<\/p>\n","protected":false},"excerpt":{"rendered":"<p>\u2190 back to project page Principal investigators: Prof. Dr. Pia Knoeferle (2014 &#8211; 2019) Universit\u00e4t Bielefeld; Humboldt-Universit\u00e4t zu Berlin Prof. Dr. Stavros Skopeteas (2014 &#8211; 2019) Universit\u00e4t Bielefeld; Georg-August-Universit\u00e4t G\u00f6ttingen Staff: Emese Bodnar (2018 &#8211; 2019) Georg-August-Universit\u00e4t G\u00f6ttingen Gabor Muller (PhD student, 2015 &#8211; 2017) Julia Kr\u00f6ger (PhD student, 2014 &#8211; 2019) Universit\u00e4t Bielefeld Collaboration &hellip; <a href=\"https:\/\/www.xprag.de\/?page_id=951\" class=\"more-link\">Continue reading <span class=\"screen-reader-text\">FoTeRo Members<\/span> <span class=\"meta-nav\">&rarr;<\/span><\/a><\/p>\n","protected":false},"author":1,"featured_media":0,"parent":86,"menu_order":0,"comment_status":"closed","ping_status":"closed","template":"static_page.php","meta":{"footnotes":""},"_links":{"self":[{"href":"https:\/\/www.xprag.de\/index.php?rest_route=\/wp\/v2\/pages\/951"}],"collection":[{"href":"https:\/\/www.xprag.de\/index.php?rest_route=\/wp\/v2\/pages"}],"about":[{"href":"https:\/\/www.xprag.de\/index.php?rest_route=\/wp\/v2\/types\/page"}],"author":[{"embeddable":true,"href":"https:\/\/www.xprag.de\/index.php?rest_route=\/wp\/v2\/users\/1"}],"replies":[{"embeddable":true,"href":"https:\/\/www.xprag.de\/index.php?rest_route=%2Fwp%2Fv2%2Fcomments&post=951"}],"version-history":[{"count":38,"href":"https:\/\/www.xprag.de\/index.php?rest_route=\/wp\/v2\/pages\/951\/revisions"}],"predecessor-version":[{"id":9555,"href":"https:\/\/www.xprag.de\/index.php?rest_route=\/wp\/v2\/pages\/951\/revisions\/9555"}],"up":[{"embeddable":true,"href":"https:\/\/www.xprag.de\/index.php?rest_route=\/wp\/v2\/pages\/86"}],"wp:attachment":[{"href":"https:\/\/www.xprag.de\/index.php?rest_route=%2Fwp%2Fv2%2Fmedia&parent=951"}],"curies":[{"name":"wp","href":"https:\/\/api.w.org\/{rel}","templated":true}]}}