{"id":957,"date":"2015-01-08T22:06:32","date_gmt":"2015-01-08T21:06:32","guid":{"rendered":"http:\/\/www.xprag.de\/?page_id=957"},"modified":"2020-11-20T14:45:16","modified_gmt":"2020-11-20T13:45:16","slug":"molcins-members","status":"publish","type":"page","link":"https:\/\/www.xprag.de\/?page_id=957","title":{"rendered":"MoLCINS Members"},"content":{"rendered":"<p><a title=\"MoLCINS\" href=\"https:\/\/www.xprag.de\/?page_id=77\">&larr; back to project page<\/a><\/p>\n<p><strong>Principal investigators:<\/strong><br \/>\n<a  onclick=\"showBio(4922);\">Dr. Carolin Dudschig<\/a> (2nd phase)<br \/>\n <a  onclick=\"showBio(2337);\" >Prof. Dr. Barbara Kaup<\/a><br \/>\n <a  onclick=\"showBio(2363);\" >Prof. Dr. Hartmut Leuthold <\/a><br \/>\n<em>Eberhard Karls Universit\u00e4t T\u00fcbingen<\/em><\/p>\n<p><strong>Staff:<\/strong><br \/>\n <a  onclick=\"showBio(3592);\"> Franziska R\u00fcck <\/a> (PhD student)<br \/>\n <a  onclick=\"showBio(8283);\">Fabian Hurler <\/a>(PhD student)<\/p>\n<p><strong>Associates:<\/strong><br \/>\nDr. Ian G. Mackenzie<br \/>\nFritz G\u00fcnther (PhD student)<\/p>\n<p><strong>Former members:<\/strong><br \/>\n<a onclick=\"showBio(2132);\"> Dr. Irmgard de la Vega <\/a> (2014 &#8211; 2017)<\/p>\n\r\n  <div id=\"gallery\" style=\"margin:0px auto;display:none;\">\r\n\t<div data-type=\"youtube\"\r\n            data-title=\"Irmgard de la Vega\"\r\n            data-description=\"Researcher in project MoLCINS\"\r\n            data-thumb=\"https:\/\/i.ytimg.com\/vi\/tR37VUCWnFw\/mqdefault.jpg\"\r\n            data-image=\"https:\/\/i.ytimg.com\/vi\/tR37VUCWnFw\/sddefault.jpg\"\r\n            data-videoid=\"tR37VUCWnFw\" >\r\n         <\/div>\r\n <div data-type=\"youtube\"\r\n            data-title=\"Hartmut Leuthold\"\r\n            data-description=\"Principal Investigator of project MoLCINS in T\u00fcbingen\"\r\n            data-thumb=\"https:\/\/i.ytimg.com\/vi\/beaGRmdwJTY\/mqdefault.jpg\"\r\n            data-image=\"https:\/\/i.ytimg.com\/vi\/beaGRmdwJTY\/sddefault.jpg\"\r\n            data-videoid=\"beaGRmdwJTY\" >\r\n         <\/div>\r\n  <\/div>\r\n  <script type=\"text\/javascript\">\r\n      jQuery(document).ready(function($) {\r\n        $( \"#gallery\" ).unitegallery({\r\n            tile_width: 180,\t\t\t\t\t\t\/\/tile width\r\n\t    tile_height: 150,\t\t\t\t\t\t\/\/tile height\r\n\t    theme_gallery_padding: 0,\t\t\t\t\/\/padding from sides of the gallery\r\n\t    grid_padding:10,\t\t\t\t\t\t\/\/set padding to the grid\r\n\t    grid_space_between_cols: 20,\t\t\t\/\/space between columns\r\n\t    grid_space_between_rows: 20,\t\t\t\/\/space between rows\r\n\t    theme_auto_open:null,\t\t\t\/\/auto open lightbox at start\r\n    \t    gallery_theme: \"tilesgrid\",\t\t\t\t\/\/choose gallery theme \r\n\t    gallery_width:\"100%\",\t\t\t\t\/\/gallery width\r\n\t    gallery_min_width: 150,\t\t\t\t\/\/gallery minimal width when resizing\r\n\t    gallery_background_color: \"\",\t\t\/\/set custom background color.\r\n            grid_num_rows:3,\r\n            tile_enable_textpanel:true,\r\n            tile_textpanel_title_text_align: \"center\",\r\n            tile_textpanel_always_on:true\r\n\t\t        });\r\n    });\r\n  <\/script>\r\n\n","protected":false},"excerpt":{"rendered":"<p>&larr; back to project page Principal investigators: Dr. Carolin Dudschig (2nd phase) Prof. Dr. Barbara Kaup Prof. Dr. Hartmut Leuthold Eberhard Karls Universit\u00e4t T\u00fcbingen Staff: Franziska R\u00fcck (PhD student) Fabian Hurler (PhD student) Associates: Dr. Ian G. Mackenzie Fritz G\u00fcnther (PhD student) Former members: Dr. Irmgard de la Vega (2014 &#8211; 2017)<\/p>\n","protected":false},"author":1,"featured_media":0,"parent":77,"menu_order":0,"comment_status":"closed","ping_status":"closed","template":"static_page.php","meta":{"footnotes":""},"_links":{"self":[{"href":"https:\/\/www.xprag.de\/index.php?rest_route=\/wp\/v2\/pages\/957"}],"collection":[{"href":"https:\/\/www.xprag.de\/index.php?rest_route=\/wp\/v2\/pages"}],"about":[{"href":"https:\/\/www.xprag.de\/index.php?rest_route=\/wp\/v2\/types\/page"}],"author":[{"embeddable":true,"href":"https:\/\/www.xprag.de\/index.php?rest_route=\/wp\/v2\/users\/1"}],"replies":[{"embeddable":true,"href":"https:\/\/www.xprag.de\/index.php?rest_route=%2Fwp%2Fv2%2Fcomments&post=957"}],"version-history":[{"count":27,"href":"https:\/\/www.xprag.de\/index.php?rest_route=\/wp\/v2\/pages\/957\/revisions"}],"predecessor-version":[{"id":9427,"href":"https:\/\/www.xprag.de\/index.php?rest_route=\/wp\/v2\/pages\/957\/revisions\/9427"}],"up":[{"embeddable":true,"href":"https:\/\/www.xprag.de\/index.php?rest_route=\/wp\/v2\/pages\/77"}],"wp:attachment":[{"href":"https:\/\/www.xprag.de\/index.php?rest_route=%2Fwp%2Fv2%2Fmedia&parent=957"}],"curies":[{"name":"wp","href":"https:\/\/api.w.org\/{rel}","templated":true}]}}