{"id":966,"date":"2015-01-08T22:15:38","date_gmt":"2015-01-08T21:15:38","guid":{"rendered":"http:\/\/www.xprag.de\/?page_id=966"},"modified":"2020-03-17T16:50:34","modified_gmt":"2020-03-17T15:50:34","slug":"yesno-members","status":"publish","type":"page","link":"https:\/\/www.xprag.de\/?page_id=966","title":{"rendered":"YesNo1 Members"},"content":{"rendered":"<p><a href=\"https:\/\/www.xprag.de\/?page_id=91\" title=\"YesNo\">&larr; back to project page<\/a><\/p>\n<p><strong>Principal investigators:<\/strong><br \/>\n<a  onclick=\"showBio(2446);\">Prof. Dr. Manfred Krifka<\/a><br \/>\n<em>Humboldt Universit\u00e4t zu Berlin\/ZAS Berlin<\/em><br \/>\n<a  onclick=\"showBio(1816);\">Prof. Dr. Sophie Repp<\/a><br \/>\n<em>Humboldt-Universit\u00e4t zu Berlin, 2014-17; Universit\u00e4t zu K\u00f6ln<\/em><\/p>\n<p><strong>Staff:<\/strong><br \/>\n<a  onclick=\"showBio(1225);\"> Dr. Berry Claus <\/a><br \/>\n<em>Humboldt-Universit\u00e4t zu Berlin<\/em><br \/>\n<a  onclick=\"showBio(2442);\">Marlijn Meijer<\/a> (PhD student)<br \/>\n<em>Humboldt-Universit\u00e4t zu Berlin, 2014-17; Universit\u00e4t zu K\u00f6ln<\/em><\/p>\n","protected":false},"excerpt":{"rendered":"<p>&larr; back to project page Principal investigators: Prof. Dr. Manfred Krifka Humboldt Universit\u00e4t zu Berlin\/ZAS Berlin Prof. Dr. Sophie Repp Humboldt-Universit\u00e4t zu Berlin, 2014-17; Universit\u00e4t zu K\u00f6ln Staff: Dr. Berry Claus Humboldt-Universit\u00e4t zu Berlin Marlijn Meijer (PhD student) Humboldt-Universit\u00e4t zu Berlin, 2014-17; Universit\u00e4t zu K\u00f6ln<\/p>\n","protected":false},"author":1,"featured_media":0,"parent":91,"menu_order":0,"comment_status":"closed","ping_status":"closed","template":"static_page.php","meta":{"footnotes":""},"_links":{"self":[{"href":"https:\/\/www.xprag.de\/index.php?rest_route=\/wp\/v2\/pages\/966"}],"collection":[{"href":"https:\/\/www.xprag.de\/index.php?rest_route=\/wp\/v2\/pages"}],"about":[{"href":"https:\/\/www.xprag.de\/index.php?rest_route=\/wp\/v2\/types\/page"}],"author":[{"embeddable":true,"href":"https:\/\/www.xprag.de\/index.php?rest_route=\/wp\/v2\/users\/1"}],"replies":[{"embeddable":true,"href":"https:\/\/www.xprag.de\/index.php?rest_route=%2Fwp%2Fv2%2Fcomments&post=966"}],"version-history":[{"count":17,"href":"https:\/\/www.xprag.de\/index.php?rest_route=\/wp\/v2\/pages\/966\/revisions"}],"predecessor-version":[{"id":8795,"href":"https:\/\/www.xprag.de\/index.php?rest_route=\/wp\/v2\/pages\/966\/revisions\/8795"}],"up":[{"embeddable":true,"href":"https:\/\/www.xprag.de\/index.php?rest_route=\/wp\/v2\/pages\/91"}],"wp:attachment":[{"href":"https:\/\/www.xprag.de\/index.php?rest_route=%2Fwp%2Fv2%2Fmedia&parent=966"}],"curies":[{"name":"wp","href":"https:\/\/api.w.org\/{rel}","templated":true}]}}