{"id":995,"date":"2015-01-14T09:34:20","date_gmt":"2015-01-14T08:34:20","guid":{"rendered":"http:\/\/www.xprag.de\/?page_id=995"},"modified":"2020-02-25T15:59:31","modified_gmt":"2020-02-25T14:59:31","slug":"short-term-collaboration-program","status":"publish","type":"page","link":"https:\/\/www.xprag.de\/?page_id=995","title":{"rendered":"Short-term Collaboration Program"},"content":{"rendered":"<p>This program funds travel expenses and experimental expenses for collaboration projects on Experimental Pragmatics between XPrag.de researchers and a German or an international partner for a duration up to 24 months. Teams include at least one researcher from XPrag.de and one from an external project (associated projects are considered to be external, here). The progress of collaboration will be presented at the annual meetings. <\/p>\n<p><strong>Short-term Collaboration Projects 2018-2020<\/strong><\/p>\n<ul>\n<li><strong><a href=\"https:\/\/www.xprag.de\/?page_id=6224\" rel=\"noopener noreferrer\" target=\"_blank\">Free choice, inclusion and redundant material<\/a><\/strong><br \/>\nResearchers involved: Nicole Gotzner (SiGames, ZAS), Jacopo Romoli (Ulster University), Paolo Santorio (University of California, San Diego)<\/li>\n<li><strong><a href=\"https:\/\/www.xprag.de\/?page_id=6235\" rel=\"noopener noreferrer\" target=\"_blank\">Conventional Meaning: Numerical symbols vs. number terms<\/a><\/strong><br \/>\nResearchers involved: Petra B. Schumacher (InfoPer2, Universit\u00e4t zu K\u00f6ln, Ira Noveck (external partner, CNRS Lyon)<\/li>\n<li><strong><a href=\"https:\/\/www.xprag.de\/?page_id=6238\" rel=\"noopener noreferrer\" target=\"_blank\">Predicting scalar diversity in a Bayesian model of pragmatic inference with lexical uncertainty<\/a><\/strong><br \/>\nChao Sun (ZAS), Richard Breheny (University College London), Nicole Gotzner (SiGames, ZAS), Anton Benz (SiGames, ZAS)<\/li>\n<li><strong><a href=\"https:\/\/www.xprag.de\/?page_id=6240\" rel=\"noopener noreferrer\" target=\"_blank\">Testing Bayesian Pragmatics: Combining Eye Tracking and EEG<\/a><\/strong><br \/>\n Researchers involved: Markus Werning (BayesPrag@, Bochum), Richard Breheny (University College London), Matthias Unterhuber (BayesPrag@, Bochum)<\/li>\n<li><strong><a href=\"https:\/\/www.xprag.de\/?page_id=5647\" rel=\"noopener noreferrer\" target=\"_blank\">An Experimental Investigation of Anti-presuppositions<\/a><\/strong> <br \/>\nNadine Bade (ObTrEx, T\u00fcbingen) and Florian Schwarz (U Pennsylvania)<\/li>\n<li><strong><a href=\"https:\/\/www.xprag.de\/?page_id=5649\" rel=\"noopener noreferrer\" target=\"_blank\">The role of world-knowledge in setting imprecise standards for absolute gradable adjectives: Probabilistic Modeling<\/a><\/strong> <br \/>Petra Schumacher (InfoPer2, Cologne), Barbara Tomaszewicz (InfoPer2, Cologne), Michael Franke (Pro3, T\u00fcbingen), Judith Degen (Pro3, Stanford University) and Daniel Lassiter (Stanford University)<\/li>\n<li><strong><a href=\"https:\/\/www.xprag.de\/?page_id=5651\" rel=\"noopener noreferrer\" target=\"_blank\">Combining EEG and virtual reality to investigate the processing of quantifiers and scalar implicatures in the context of partial information<\/a><\/strong> <br \/>Maria Spychalska (ImplPer, Cologne) and David Peeters (MPI Nijmegen)<\/li>\n<\/ul>\n<p><strong>Short-term Collaboration Projects 2015-2017<\/strong><\/p>\n<ul>\n<li><strong><a href=\"https:\/\/www.xprag.de\/?page_id=1049\" title=\"Self-paced graph reading and the complexity of embedded implicatures\" target=\"_blank\" rel=\"noopener noreferrer\">Self-paced graph reading and the complexity of embedded implicatures<\/a><\/strong><br \/>\nAnton Benz (SIGames, ZAS Berlin) and Maria Spychalska (U Bochum)<\/li>\n<li><strong><a href=\"https:\/\/www.xprag.de\/?page_id=1038\" title=\"Conflicting discourse expectations? On the interaction between implicit verb causality and topic continuity\" target=\"_blank\" rel=\"noopener noreferrer\">Conflicting discourse expectations? On the interaction between implicit verb causality and topic continuity<\/a><\/strong><br \/>\nOliver Bott (CiC, T\u00fcbingen), Thomas Weskott (ProProCon, G\u00f6ttingen), Robin H\u00f6rnig (SFB 833, T\u00fcbingen) and Torgrim Solstad (ZAS Berlin) <\/li>\n<li><strong><a href=\"https:\/\/www.xprag.de\/?page_id=1026\" title=\"Joint inference in pragmatic reasoning: Evaluating probabilistic models of embedded implicatures\" target=\"_blank\" rel=\"noopener noreferrer\">Joint inference in pragmatic reasoning: Evaluating probabilistic models of embedded implicatures<\/a><\/strong><br \/>\nMichael Franke (ProComPrag, T\u00fcbingen) and Leon Bergen (MIT)<\/li>\n<li><strong><a href=\"https:\/\/www.xprag.de\/?page_id=1032\" title=\"Lost ALL of your marbles? The impact of the Question Under Discussion on embedded implicatures\" target=\"_blank\" rel=\"noopener noreferrer\">Lost ALL of your marbles? The impact of the Question Under Discussion on embedded implicatures<\/a><\/strong><br \/>\nNicole Gotzner (SIGames, ZAS Berlin), Judith Degen (ProComPrag, Stanford University) and Noah Goodman (Stanford University)<\/li>\n<li><strong><a href=\"https:\/\/www.xprag.de\/?page_id=1059\" title=\"Implicature processing in high\u00ad-functioning autism\" target=\"_blank\" rel=\"noopener noreferrer\">Implicature processing in high\u00ad-functioning autism<\/a><\/strong><br \/>\nPetra Schumacher (InfoPer, Cologne), Maria Spychalska (Bochum), Prof. Dr. Dr. Kai Vogeley (Cologne\/J\u00fclich) and Prof. Dr. Markus Werning (Bochum)<\/li>\n<li><strong><a href=\"https:\/\/www.xprag.de\/?page_id=1035\" title=\"New experimental approaches to the Maxim of quantity\" target=\"_blank\" rel=\"noopener noreferrer\">New experimental approaches to the Maxim of quantity<\/a><\/strong><br \/>\nKazuko Yatsushiro (SSI, ZAS Berlin) and Napoleon Katsos (Cambridge)<\/li>\n<\/ul>\n","protected":false},"excerpt":{"rendered":"<p>This program funds travel expenses and experimental expenses for collaboration projects on Experimental Pragmatics between XPrag.de researchers and a German or an international partner for a duration up to 24 months. Teams include at least one researcher from XPrag.de and one from an external project (associated projects are considered to be external, here). The progress &hellip; <a href=\"https:\/\/www.xprag.de\/?page_id=995\" class=\"more-link\">Continue reading <span class=\"screen-reader-text\">Short-term Collaboration Program<\/span> <span class=\"meta-nav\">&rarr;<\/span><\/a><\/p>\n","protected":false},"author":1,"featured_media":0,"parent":0,"menu_order":2,"comment_status":"closed","ping_status":"closed","template":"static_page.php","meta":{"footnotes":""},"_links":{"self":[{"href":"https:\/\/www.xprag.de\/index.php?rest_route=\/wp\/v2\/pages\/995"}],"collection":[{"href":"https:\/\/www.xprag.de\/index.php?rest_route=\/wp\/v2\/pages"}],"about":[{"href":"https:\/\/www.xprag.de\/index.php?rest_route=\/wp\/v2\/types\/page"}],"author":[{"embeddable":true,"href":"https:\/\/www.xprag.de\/index.php?rest_route=\/wp\/v2\/users\/1"}],"replies":[{"embeddable":true,"href":"https:\/\/www.xprag.de\/index.php?rest_route=%2Fwp%2Fv2%2Fcomments&post=995"}],"version-history":[{"count":31,"href":"https:\/\/www.xprag.de\/index.php?rest_route=\/wp\/v2\/pages\/995\/revisions"}],"predecessor-version":[{"id":8592,"href":"https:\/\/www.xprag.de\/index.php?rest_route=\/wp\/v2\/pages\/995\/revisions\/8592"}],"wp:attachment":[{"href":"https:\/\/www.xprag.de\/index.php?rest_route=%2Fwp%2Fv2%2Fmedia&parent=995"}],"curies":[{"name":"wp","href":"https:\/\/api.w.org\/{rel}","templated":true}]}}